{"id":1182,"date":"2019-07-09T16:18:01","date_gmt":"2019-07-09T16:18:01","guid":{"rendered":"http:\/\/criva.pt\/web\/?page_id=1182"},"modified":"2024-01-12T16:24:36","modified_gmt":"2024-01-12T16:24:36","slug":"programas-alimentares","status":"publish","type":"page","link":"https:\/\/criva.pt\/web\/programas-alimentares\/","title":{"rendered":"Programas Alimentares"},"content":{"rendered":"<div id=\"pl-1182\"  class=\"panel-layout\" ><div id=\"pg-1182-0\"  class=\"panel-grid panel-has-style\" ><div class=\"siteorigin-panels-stretch panel-row-style panel-row-style-for-1182-0\" data-stretch-type=\"full-width-stretch\" ><div id=\"pgc-1182-0-0\"  class=\"panel-grid-cell\" ><div id=\"panel-1182-0-0-0\" class=\"so-panel widget_sow-layout-slider panel-first-child panel-last-child\" data-index=\"0\" ><div\n\t\t\t\n\t\t\tclass=\"so-widget-sow-layout-slider so-widget-sow-layout-slider-default-6979390ecfde-1182\"\n\t\t\t\n\t\t>\t\t\t\t<div class=\"sow-slider-base\" style=\"display: none\" tabindex=\"0\">\n\t\t\t\t\t<ul\n\t\t\t\t\tclass=\"sow-slider-images\"\n\t\t\t\t\tdata-settings=\"{&quot;pagination&quot;:true,&quot;speed&quot;:800,&quot;timeout&quot;:8000,&quot;paused&quot;:false,&quot;pause_on_hover&quot;:false,&quot;swipe&quot;:true,&quot;nav_always_show_desktop&quot;:&quot;&quot;,&quot;nav_always_show_mobile&quot;:&quot;&quot;,&quot;breakpoint&quot;:&quot;780px&quot;,&quot;unmute&quot;:false,&quot;anchor&quot;:null}\"\n\t\t\t\t\tstyle=\"min-height: 300px\"\t\t\t\t\tdata-anchor-id=\"\"\n\t\t\t\t>\t\t<li class=\"sow-slider-image  sow-slider-image-cover\" style=\"visibility: visible;;background-color: #333333;background-image: url(https:\/\/criva.pt\/web\/wp-content\/uploads\/2019\/10\/DSC1966_projetos_alimentares_site.jpg)\" >\n\t\t\t\t\t<div class=\"sow-slider-image-container\">\n\t\t\t<div class=\"sow-slider-image-wrapper\">\n\t\t\t\t\t\t\t<\/div>\n\t\t<\/div>\n\t\t\t\t<\/li>\n\t\t<\/ul>\t\t\t\t<ol class=\"sow-slider-pagination\">\n\t\t\t\t\t\t\t\t\t\t\t<li><a href=\"#\" data-goto=\"0\" aria-label=\"Display slide 1\"><\/a><\/li>\n\t\t\t\t\t\t\t\t\t<\/ol>\n\n\t\t\t\t<div class=\"sow-slide-nav sow-slide-nav-next\">\n\t\t\t\t\t<a href=\"#\" data-goto=\"next\" aria-label=\"Next slide\" data-action=\"next\">\n\t\t\t\t\t\t<em class=\"sow-sld-icon-thin-right\"><\/em>\n\t\t\t\t\t<\/a>\n\t\t\t\t<\/div>\n\n\t\t\t\t<div class=\"sow-slide-nav sow-slide-nav-prev\">\n\t\t\t\t\t<a href=\"#\" data-goto=\"previous\" aria-label=\"Previous slide\" data-action=\"prev\">\n\t\t\t\t\t\t<em class=\"sow-sld-icon-thin-left\"><\/em>\n\t\t\t\t\t<\/a>\n\t\t\t\t<\/div>\n\t\t\t\t<\/div><\/div><\/div><\/div><\/div><\/div><div id=\"pg-1182-1\"  class=\"panel-grid panel-no-style\" ><div id=\"pgc-1182-1-0\"  class=\"panel-grid-cell\" ><div id=\"panel-1182-1-0-0\" class=\"so-panel widget_sow-editor panel-first-child panel-last-child\" data-index=\"1\" ><div\n\t\t\t\n\t\t\tclass=\"so-widget-sow-editor so-widget-sow-editor-base\"\n\t\t\t\n\t\t>\n<div class=\"siteorigin-widget-tinymce textwidget\">\n\t<h1><strong>Programas Alimentares\u00a0<\/strong><\/h1>\n<hr \/>\n<\/div>\n<\/div><\/div><\/div><\/div><div id=\"pg-1182-2\"  class=\"panel-grid panel-no-style\" ><div id=\"pgc-1182-2-0\"  class=\"panel-grid-cell\" ><div id=\"panel-1182-2-0-0\" class=\"so-panel widget_sow-editor panel-first-child panel-last-child\" data-index=\"2\" ><div\n\t\t\t\n\t\t\tclass=\"so-widget-sow-editor so-widget-sow-editor-base\"\n\t\t\t\n\t\t>\n<div class=\"siteorigin-widget-tinymce textwidget\">\n\t<h2><strong>O que \u00e9?<\/strong><\/h2>\n<p>Conjunto de respostas que visam apoiar as pessoas em situa\u00e7\u00e3o de car\u00eancia alimentar.<\/p>\n<\/div>\n<\/div><\/div><\/div><div id=\"pgc-1182-2-1\"  class=\"panel-grid-cell\" ><div id=\"panel-1182-2-1-0\" class=\"so-panel widget_sow-editor panel-first-child panel-last-child\" data-index=\"3\" ><div\n\t\t\t\n\t\t\tclass=\"so-widget-sow-editor so-widget-sow-editor-base\"\n\t\t\t\n\t\t>\n<div class=\"siteorigin-widget-tinymce textwidget\">\n\t<h2><strong>Quem faz:<\/strong><\/h2>\n<p>No \u00e2mbito de protocolos e parcerias que estabelecemos com o CDSS Set\u00fabal, o Banco Alimentar Contra a Fome de Set\u00fabal e a escola 2+3 Jos\u00e9 Afonso de Alhos Vedros, uma equipa de profissionais desde t\u00e9cnicos superiores administrativos, a cozinheiros, ajudantes e auxiliares, bem como volunt\u00e1rios da comunidade, desenvolvem um trabalho \u00e1rduo para apoiar cerca de 300 pessoas diariamente, semanalmente e mensalmente.<\/p>\n<\/div>\n<\/div><\/div><\/div><div id=\"pgc-1182-2-2\"  class=\"panel-grid-cell\" ><div id=\"panel-1182-2-2-0\" class=\"so-panel widget_sow-editor panel-first-child panel-last-child\" data-index=\"4\" ><div\n\t\t\t\n\t\t\tclass=\"so-widget-sow-editor so-widget-sow-editor-base\"\n\t\t\t\n\t\t>\n<div class=\"siteorigin-widget-tinymce textwidget\">\n\t<h2><strong>Como pode ter este servi\u00e7o:<\/strong><\/h2>\n<p>Pode dirigir-se diretamente aos servi\u00e7os da seguran\u00e7a social e apresentar a sua situa\u00e7\u00e3o devidamente documentada e solicitar apoio.<\/p>\n<p>Pode dirigir-se ao servi\u00e7o administrativo do CRIVA<\/p>\n<p>Contatos: Tel: 212 039 198 (chamada para a rede fixa nacional) \/ Tlm: 936 992 951 (chamada para rede m\u00f3vel)<\/p>\n<p><strong>E-mail: <\/strong><a href=\"mailto:cantina.social@criva.pt\">cantina.social@criva.pt<\/a> | <a href=\"mailto:joana.gavinhos@criva.pt\">joana.gavinhos@criva.pt<\/a><\/p>\n<hr \/>\n<p><strong><u>Espa\u00e7o de atendimento da seguran\u00e7a social e contactos<\/u><\/strong><\/p>\n<p><strong>Seguran\u00e7a Social - Servi\u00e7o Local da Baixa da Banheira - Moita<\/strong><\/p>\n<p>Estrada Nacional n.\u00ba 11, n.\u00ba 202 e 202 A<br \/>\nBaixa da Banheira, 2835-174<\/p>\n<p><strong>Seguran\u00e7a social - servi\u00e7o local do Barreiro<\/strong><\/p>\n<p>Rua do Instituto Ferrovi\u00e1rio Sul e Sueste, n.\u00ba 3<br \/>\n2830-335 Barreiro<\/p>\n<p>Telefone: 300 502 502 (chamada para a rede fixa nacional)<\/p>\n<\/div>\n<\/div><\/div><\/div><\/div><\/div>","protected":false},"excerpt":{"rendered":"<p>Programas Alimentares\u00a0<\/p>\n","protected":false},"author":1,"featured_media":0,"parent":0,"menu_order":0,"comment_status":"closed","ping_status":"closed","template":"","meta":{"footnotes":""},"class_list":["post-1182","page","type-page","status-publish"],"_links":{"self":[{"href":"https:\/\/criva.pt\/web\/wp-json\/wp\/v2\/pages\/1182","targetHints":{"allow":["GET"]}}],"collection":[{"href":"https:\/\/criva.pt\/web\/wp-json\/wp\/v2\/pages"}],"about":[{"href":"https:\/\/criva.pt\/web\/wp-json\/wp\/v2\/types\/page"}],"author":[{"embeddable":true,"href":"https:\/\/criva.pt\/web\/wp-json\/wp\/v2\/users\/1"}],"replies":[{"embeddable":true,"href":"https:\/\/criva.pt\/web\/wp-json\/wp\/v2\/comments?post=1182"}],"version-history":[{"count":27,"href":"https:\/\/criva.pt\/web\/wp-json\/wp\/v2\/pages\/1182\/revisions"}],"predecessor-version":[{"id":3498,"href":"https:\/\/criva.pt\/web\/wp-json\/wp\/v2\/pages\/1182\/revisions\/3498"}],"wp:attachment":[{"href":"https:\/\/criva.pt\/web\/wp-json\/wp\/v2\/media?parent=1182"}],"curies":[{"name":"wp","href":"https:\/\/api.w.org\/{rel}","templated":true}]}}