{"id":12,"date":"2018-05-02T11:15:20","date_gmt":"2018-05-02T11:15:20","guid":{"rendered":"http:\/\/criva.pt\/web\/?page_id=12"},"modified":"2019-10-24T18:05:44","modified_gmt":"2019-10-24T18:05:44","slug":"missao_valores_visao","status":"publish","type":"page","link":"https:\/\/criva.pt\/web\/missao_valores_visao\/","title":{"rendered":"Miss\u00e3o, Valores e Vis\u00e3o"},"content":{"rendered":"<div id=\"pl-12\"  class=\"panel-layout\" ><div id=\"pg-12-0\"  class=\"panel-grid panel-has-style\" ><div class=\"siteorigin-panels-stretch panel-row-style panel-row-style-for-12-0\" data-stretch-type=\"full-stretched\" ><div id=\"pgc-12-0-0\"  class=\"panel-grid-cell\" ><div id=\"panel-12-0-0-0\" class=\"so-panel widget_sow-layout-slider panel-first-child panel-last-child\" data-index=\"0\" ><div\n\t\t\t\n\t\t\tclass=\"so-widget-sow-layout-slider so-widget-sow-layout-slider-default-6979390ecfde-12\"\n\t\t\t\n\t\t>\t\t\t\t<div class=\"sow-slider-base\" style=\"display: none\" tabindex=\"0\">\n\t\t\t\t\t<ul\n\t\t\t\t\tclass=\"sow-slider-images\"\n\t\t\t\t\tdata-settings=\"{&quot;pagination&quot;:true,&quot;speed&quot;:800,&quot;timeout&quot;:8000,&quot;paused&quot;:false,&quot;pause_on_hover&quot;:false,&quot;swipe&quot;:true,&quot;nav_always_show_desktop&quot;:&quot;&quot;,&quot;nav_always_show_mobile&quot;:&quot;&quot;,&quot;breakpoint&quot;:&quot;780px&quot;,&quot;unmute&quot;:false,&quot;anchor&quot;:null}\"\n\t\t\t\t\tstyle=\"min-height: 300px\"\t\t\t\t\tdata-anchor-id=\"\"\n\t\t\t\t>\t\t<li class=\"sow-slider-image  sow-slider-image-cover\" style=\"visibility: visible;;background-color: #333333;background-image: url(https:\/\/criva.pt\/web\/wp-content\/uploads\/2019\/10\/Criva_banner_centro_convivio.jpg)\" >\n\t\t\t\t\t<div class=\"sow-slider-image-container\">\n\t\t\t<div class=\"sow-slider-image-wrapper\">\n\t\t\t\t\t\t\t<\/div>\n\t\t<\/div>\n\t\t\t\t<\/li>\n\t\t<\/ul>\t\t\t\t<ol class=\"sow-slider-pagination\">\n\t\t\t\t\t\t\t\t\t\t\t<li><a href=\"#\" data-goto=\"0\" aria-label=\"Display slide 1\"><\/a><\/li>\n\t\t\t\t\t\t\t\t\t<\/ol>\n\n\t\t\t\t<div class=\"sow-slide-nav sow-slide-nav-next\">\n\t\t\t\t\t<a href=\"#\" data-goto=\"next\" aria-label=\"Next slide\" data-action=\"next\">\n\t\t\t\t\t\t<em class=\"sow-sld-icon-thin-right\"><\/em>\n\t\t\t\t\t<\/a>\n\t\t\t\t<\/div>\n\n\t\t\t\t<div class=\"sow-slide-nav sow-slide-nav-prev\">\n\t\t\t\t\t<a href=\"#\" data-goto=\"previous\" aria-label=\"Previous slide\" data-action=\"prev\">\n\t\t\t\t\t\t<em class=\"sow-sld-icon-thin-left\"><\/em>\n\t\t\t\t\t<\/a>\n\t\t\t\t<\/div>\n\t\t\t\t<\/div><\/div><\/div><\/div><\/div><\/div><div id=\"pg-12-1\"  class=\"panel-grid panel-no-style\" ><div id=\"pgc-12-1-0\"  class=\"panel-grid-cell\" ><div id=\"panel-12-1-0-0\" class=\"so-panel widget_sow-editor panel-first-child panel-last-child\" data-index=\"1\" ><div\n\t\t\t\n\t\t\tclass=\"so-widget-sow-editor so-widget-sow-editor-base\"\n\t\t\t\n\t\t>\n<div class=\"siteorigin-widget-tinymce textwidget\">\n\t<h2><strong>Miss\u00e3o<\/strong><\/h2>\n<blockquote>\n<p><strong>A principal miss\u00e3o do criva<\/strong>\u00a0passa por se comprometer a proteger o cidad\u00e3o na inf\u00e2ncia, juventude, velhice e em todas as situa\u00e7\u00f5es de falta ou diminui\u00e7\u00e3o de meios de subsist\u00eancia ou de capacidade para o trabalho.<\/p>\n<\/blockquote>\n<h2><strong>Vis\u00e3o<\/strong><\/h2>\n<blockquote>\n<p><strong>O CRIVA tem como Vis\u00e3o \"Sermos os melhores a cuidar de pessoas.\"<\/strong><\/p>\n<p>O nosso lema guia toda a nossa interven\u00e7\u00e3o e pol\u00edtica de qualidade com que a dire\u00e7\u00e3o se compromete na gest\u00e3o do CRIVA, sendo assim mais um passo nesse sentido.<\/p>\n<\/blockquote>\n<h2><strong>Valores<\/strong><\/h2>\n<blockquote>\n<p><strong>Esta Institui\u00e7\u00e3o compromete-se a respeitar os seguintes valores sociais e \u00e9ticos: <\/strong>Coes\u00e3o, Integridade, Solidariedade, \u00c9tica profissional, Respeito pelo outro, Dignidade e Privacidade, Partilha e Esp\u00edrito de Equipa, Compet\u00eancia e Responsabilidade.<\/p>\n<\/blockquote>\n<\/div>\n<\/div><\/div><\/div><div id=\"pgc-12-1-1\"  class=\"panel-grid-cell\" ><div id=\"panel-12-1-1-0\" class=\"so-panel widget_sow-image panel-first-child\" data-index=\"2\" ><div\n\t\t\t\n\t\t\tclass=\"so-widget-sow-image so-widget-sow-image-default-8b5b6f678277-12\"\n\t\t\t\n\t\t>\n<div class=\"sow-image-container\">\n\t\t<img \n\tsrc=\"https:\/\/criva.pt\/web\/wp-content\/uploads\/2018\/05\/centrodia98.jpg\" width=\"2304\" height=\"1728\" srcset=\"https:\/\/criva.pt\/web\/wp-content\/uploads\/2018\/05\/centrodia98.jpg 2304w, https:\/\/criva.pt\/web\/wp-content\/uploads\/2018\/05\/centrodia98-300x225.jpg 300w, https:\/\/criva.pt\/web\/wp-content\/uploads\/2018\/05\/centrodia98-768x576.jpg 768w, https:\/\/criva.pt\/web\/wp-content\/uploads\/2018\/05\/centrodia98-1024x768.jpg 1024w\" sizes=\"(max-width: 2304px) 100vw, 2304px\" alt=\"\" \t\tclass=\"so-widget-image\"\/>\n\t<\/div>\n\n<\/div><\/div><div id=\"panel-12-1-1-1\" class=\"so-panel widget_sow-image panel-last-child\" data-index=\"3\" ><div\n\t\t\t\n\t\t\tclass=\"so-widget-sow-image so-widget-sow-image-default-8b5b6f678277-12\"\n\t\t\t\n\t\t>\n<div class=\"sow-image-container\">\n\t\t<img \n\tsrc=\"https:\/\/criva.pt\/web\/wp-content\/uploads\/2018\/05\/centrodia3.jpg\" width=\"2304\" height=\"1728\" srcset=\"https:\/\/criva.pt\/web\/wp-content\/uploads\/2018\/05\/centrodia3.jpg 2304w, https:\/\/criva.pt\/web\/wp-content\/uploads\/2018\/05\/centrodia3-300x225.jpg 300w, https:\/\/criva.pt\/web\/wp-content\/uploads\/2018\/05\/centrodia3-768x576.jpg 768w, https:\/\/criva.pt\/web\/wp-content\/uploads\/2018\/05\/centrodia3-1024x768.jpg 1024w\" sizes=\"(max-width: 2304px) 100vw, 2304px\" alt=\"\" \t\tclass=\"so-widget-image\"\/>\n\t<\/div>\n\n<\/div><\/div><\/div><\/div><\/div>","protected":false},"excerpt":{"rendered":"<p>Miss\u00e3o A principal miss\u00e3o do criva\u00a0passa por se comprometer a proteger o cidad\u00e3o na inf\u00e2ncia, juventude, velhice e em todas as situa\u00e7\u00f5es de falta ou diminui\u00e7\u00e3o de meios de subsist\u00eancia ou de capacidade para o trabalho. Vis\u00e3o O CRIVA tem como Vis\u00e3o &#8220;Sermos os melhores a cuidar de pessoas.&#8221; O nosso lema guia toda a nossa interven\u00e7\u00e3o e pol\u00edtica de qualidade com que a dire\u00e7\u00e3o se compromete na gest\u00e3o do &#8230; <\/p>\n<p class=\"read-more-container\"><a title=\"Miss\u00e3o, Valores e Vis\u00e3o\" class=\"read-more button\" href=\"https:\/\/criva.pt\/web\/missao_valores_visao\/#more-12\" aria-label=\"Leia mais sobre Miss\u00e3o, Valores e Vis\u00e3o\">Ler mais<\/a><\/p>\n","protected":false},"author":1,"featured_media":0,"parent":0,"menu_order":0,"comment_status":"closed","ping_status":"closed","template":"","meta":{"footnotes":""},"class_list":["post-12","page","type-page","status-publish"],"_links":{"self":[{"href":"https:\/\/criva.pt\/web\/wp-json\/wp\/v2\/pages\/12","targetHints":{"allow":["GET"]}}],"collection":[{"href":"https:\/\/criva.pt\/web\/wp-json\/wp\/v2\/pages"}],"about":[{"href":"https:\/\/criva.pt\/web\/wp-json\/wp\/v2\/types\/page"}],"author":[{"embeddable":true,"href":"https:\/\/criva.pt\/web\/wp-json\/wp\/v2\/users\/1"}],"replies":[{"embeddable":true,"href":"https:\/\/criva.pt\/web\/wp-json\/wp\/v2\/comments?post=12"}],"version-history":[{"count":60,"href":"https:\/\/criva.pt\/web\/wp-json\/wp\/v2\/pages\/12\/revisions"}],"predecessor-version":[{"id":2566,"href":"https:\/\/criva.pt\/web\/wp-json\/wp\/v2\/pages\/12\/revisions\/2566"}],"wp:attachment":[{"href":"https:\/\/criva.pt\/web\/wp-json\/wp\/v2\/media?parent=12"}],"curies":[{"name":"wp","href":"https:\/\/api.w.org\/{rel}","templated":true}]}}