{"id":122,"date":"2018-05-03T10:16:41","date_gmt":"2018-05-03T10:16:41","guid":{"rendered":"http:\/\/criva.pt\/web\/?page_id=122"},"modified":"2024-01-12T16:21:33","modified_gmt":"2024-01-12T16:21:33","slug":"centro_convivio","status":"publish","type":"page","link":"https:\/\/criva.pt\/web\/centro_convivio\/","title":{"rendered":"Centro de Convivio"},"content":{"rendered":"<div id=\"pl-122\"  class=\"panel-layout\" ><div id=\"pg-122-0\"  class=\"panel-grid panel-has-style\" ><div class=\"siteorigin-panels-stretch panel-row-style panel-row-style-for-122-0\" data-stretch-type=\"full-width-stretch\" ><div id=\"pgc-122-0-0\"  class=\"panel-grid-cell\" ><div id=\"panel-122-0-0-0\" class=\"so-panel widget_sow-layout-slider panel-first-child panel-last-child\" data-index=\"0\" ><div\n\t\t\t\n\t\t\tclass=\"so-widget-sow-layout-slider so-widget-sow-layout-slider-default-b8bbeec2f037-122\"\n\t\t\t\n\t\t>\t\t\t\t<div class=\"sow-slider-base\" style=\"display: none\" tabindex=\"0\">\n\t\t\t\t\t<ul\n\t\t\t\t\tclass=\"sow-slider-images\"\n\t\t\t\t\tdata-settings=\"{&quot;pagination&quot;:true,&quot;speed&quot;:800,&quot;timeout&quot;:8000,&quot;paused&quot;:false,&quot;pause_on_hover&quot;:false,&quot;swipe&quot;:true,&quot;nav_always_show_desktop&quot;:&quot;&quot;,&quot;nav_always_show_mobile&quot;:&quot;&quot;,&quot;breakpoint&quot;:&quot;780px&quot;,&quot;unmute&quot;:false,&quot;anchor&quot;:null}\"\n\t\t\t\t\tstyle=\"min-height: 350px\"\t\t\t\t\tdata-anchor-id=\"\"\n\t\t\t\t>\t\t<li class=\"sow-slider-image  sow-slider-image-cover\" style=\"visibility: visible;;background-color: #333333;background-image: url(https:\/\/criva.pt\/web\/wp-content\/uploads\/2019\/10\/Criva_banner_centro_convivio.jpg);cursor: pointer;\" data-url=\"{&quot;url&quot;:&quot;https:\\\/\\\/www.youtube.com\\\/watch?v=G_cwZ13Azu8&quot;,&quot;new_window&quot;:true}\" >\n\t\t\t\t\t<div class=\"sow-slider-image-container\">\n\t\t\t<div class=\"sow-slider-image-wrapper\">\n\t\t\t\t\t\t\t<\/div>\n\t\t<\/div>\n\t\t\t\t<\/li>\n\t\t\t\t<li class=\"sow-slider-image  sow-slider-image-cover\" style=\"visibility: hidden;;background-color: #333333;cursor: pointer;\" data-background=\"url(https:\/\/criva.pt\/web\/wp-content\/uploads\/2019\/10\/Crive_centro_convivio2.jpg)\" data-url=\"{&quot;url&quot;:&quot;https:\\\/\\\/www.youtube.com\\\/watch?v=G_cwZ13Azu8&quot;,&quot;new_window&quot;:true}\" >\n\t\t\t\t\t<div class=\"sow-slider-image-container\">\n\t\t\t<div class=\"sow-slider-image-wrapper\">\n\t\t\t\t\t\t\t<\/div>\n\t\t<\/div>\n\t\t\t\t<\/li>\n\t\t\t\t<li class=\"sow-slider-image  sow-slider-image-cover\" style=\"visibility: hidden;;background-color: #333333;cursor: pointer;\" data-background=\"url(https:\/\/criva.pt\/web\/wp-content\/uploads\/2019\/10\/Captura-de-ecr\u00e3-2019-10-23-\u00e0s-12.30.36-2.jpg)\" data-url=\"{&quot;url&quot;:&quot;https:\\\/\\\/www.youtube.com\\\/watch?v=G_cwZ13Azu8&quot;,&quot;new_window&quot;:true}\" >\n\t\t\t\t\t<div class=\"sow-slider-image-container\">\n\t\t\t<div class=\"sow-slider-image-wrapper\">\n\t\t\t\t\t\t\t<\/div>\n\t\t<\/div>\n\t\t\t\t<\/li>\n\t\t<\/ul>\t\t\t\t<ol class=\"sow-slider-pagination\">\n\t\t\t\t\t\t\t\t\t\t\t<li><a href=\"#\" data-goto=\"0\" aria-label=\"Display slide 1\"><\/a><\/li>\n\t\t\t\t\t\t\t\t\t\t\t<li><a href=\"#\" data-goto=\"1\" aria-label=\"Display slide 2\"><\/a><\/li>\n\t\t\t\t\t\t\t\t\t\t\t<li><a href=\"#\" data-goto=\"2\" aria-label=\"Display slide 3\"><\/a><\/li>\n\t\t\t\t\t\t\t\t\t<\/ol>\n\n\t\t\t\t<div class=\"sow-slide-nav sow-slide-nav-next\">\n\t\t\t\t\t<a href=\"#\" data-goto=\"next\" aria-label=\"Next slide\" data-action=\"next\">\n\t\t\t\t\t\t<em class=\"sow-sld-icon-thin-right\"><\/em>\n\t\t\t\t\t<\/a>\n\t\t\t\t<\/div>\n\n\t\t\t\t<div class=\"sow-slide-nav sow-slide-nav-prev\">\n\t\t\t\t\t<a href=\"#\" data-goto=\"previous\" aria-label=\"Previous slide\" data-action=\"prev\">\n\t\t\t\t\t\t<em class=\"sow-sld-icon-thin-left\"><\/em>\n\t\t\t\t\t<\/a>\n\t\t\t\t<\/div>\n\t\t\t\t<\/div><\/div><\/div><\/div><\/div><\/div><div id=\"pg-122-1\"  class=\"panel-grid panel-has-style\" ><div class=\"siteorigin-panels-stretch panel-row-style panel-row-style-for-122-1\" data-stretch-type=\"full\" ><div id=\"pgc-122-1-0\"  class=\"panel-grid-cell\" ><div id=\"panel-122-1-0-0\" class=\"so-panel widget_sow-editor panel-first-child panel-last-child\" data-index=\"1\" ><div\n\t\t\t\n\t\t\tclass=\"so-widget-sow-editor so-widget-sow-editor-base\"\n\t\t\t\n\t\t>\n<div class=\"siteorigin-widget-tinymce textwidget\">\n\t<h2><strong>Centro de Convivio<\/strong><\/h2>\n<hr \/>\n<\/div>\n<\/div><\/div><\/div><\/div><\/div><div id=\"pg-122-2\"  class=\"panel-grid panel-no-style\" ><div id=\"pgc-122-2-0\"  class=\"panel-grid-cell\" ><div id=\"panel-122-2-0-0\" class=\"so-panel widget_sow-editor panel-first-child panel-last-child\" data-index=\"2\" ><div\n\t\t\t\n\t\t\tclass=\"so-widget-sow-editor so-widget-sow-editor-base\"\n\t\t\t\n\t\t>\n<div class=\"siteorigin-widget-tinymce textwidget\">\n\t<h2><strong>O que \u00e9?<\/strong><\/h2>\n<p>O centro de conv\u00edvio constitui um espa\u00e7o de partilha, de lazer, de anima\u00e7\u00e3o e ocupa\u00e7\u00e3o de tempos livres e de treino de compet\u00eancias individuais, com o objetivo de promover a integra\u00e7\u00e3o das pessoas seniores na sociedade, combatendo assim o isolamento e solid\u00e3o.<\/p>\n<h3><strong>Objetivos do centro de conv\u00edvio:<\/strong><\/h3>\n<ul>\n<li>prevenir a solid\u00e3o e o isolamento;<\/li>\n<li>incentivar a participa\u00e7\u00e3o e potenciar a inclus\u00e3o social;<\/li>\n<li>fomentar as rela\u00e7\u00f5es interpessoais e intergeracionais;<\/li>\n<li>contribuir para retardar ou evitar a institucionaliza\u00e7\u00e3o.<\/li>\n<\/ul>\n<\/div>\n<\/div><\/div><\/div><div id=\"pgc-122-2-1\"  class=\"panel-grid-cell\" ><div id=\"panel-122-2-1-0\" class=\"so-panel widget_sow-editor panel-first-child panel-last-child\" data-index=\"3\" ><div\n\t\t\t\n\t\t\tclass=\"so-widget-sow-editor so-widget-sow-editor-base\"\n\t\t\t\n\t\t>\n<div class=\"siteorigin-widget-tinymce textwidget\">\n\t<h2><strong>Como fazemos:<\/strong><\/h2>\n<h3><strong>Desenvolvendo atividades regulares:<\/strong><\/h3>\n<ul>\n<li>consulta de promo\u00e7\u00e3o do envelhecimento ativo;<\/li>\n<li>grupo s\u00e9nior \u201c coral viva\u201d;<\/li>\n<li>atelier de artes;<\/li>\n<li>passeios regulares;<\/li>\n<li>bailes;<\/li>\n<li>termas seniores;<\/li>\n<li>informa\u00e7\u00e3o sobre direitos e apoios sociais<\/li>\n<\/ul>\n<\/div>\n<\/div><\/div><\/div><div id=\"pgc-122-2-2\"  class=\"panel-grid-cell\" ><div id=\"panel-122-2-2-0\" class=\"so-panel widget_sow-editor panel-first-child panel-last-child\" data-index=\"4\" ><div\n\t\t\t\n\t\t\tclass=\"so-widget-sow-editor so-widget-sow-editor-base\"\n\t\t\t\n\t\t>\n<div class=\"siteorigin-widget-tinymce textwidget\">\n\t<h2><strong>Quem faz:<\/strong><\/h2>\n<p>A dire\u00e7\u00e3o t\u00e9cnica, t\u00e9cnica superior de recursos humanos, enfermeiro, auxiliares de a\u00e7\u00e3o direta e administrativos, auxiliares de servi\u00e7os gerais e monitores, constituem uma equipa que planeia, organiza e promove de acordo com os interesses e necessidades, atividades espec\u00edficas.<\/p>\n<h2>Como pode participar.<\/h2>\n<p>Dirigindo-se ao servi\u00e7o administrativo do criva<strong>, <\/strong>fazendo-se s\u00f3cio e inscrevendo-se na resposta, junto da Dr\u00aa Joana Gavinhos<br \/>\nCriva \u2013 Centro de Conv\u00edvio<br \/>\nTel: 212 039 198 (chamada para a rede fixa nacional) | Tlm: 936 992 951 (chamada para rede m\u00f3vel)<br \/>\nE-mail: <a href=\"mailto:gab.65.animacao@criva.pt\">gab.65.animacao@criva.pt<\/a><\/p>\n<\/div>\n<\/div><\/div><\/div><\/div><div id=\"pg-122-3\"  class=\"panel-grid panel-no-style\" ><div id=\"pgc-122-3-0\"  class=\"panel-grid-cell\" ><div id=\"panel-122-3-0-0\" class=\"so-panel widget_sow-image panel-first-child panel-last-child\" data-index=\"5\" ><div class=\"panel-widget-style panel-widget-style-for-122-3-0-0\" ><div\n\t\t\t\n\t\t\tclass=\"so-widget-sow-image so-widget-sow-image-default-8b5b6f678277-122\"\n\t\t\t\n\t\t>\n<div class=\"sow-image-container\">\n\t\t<img \n\tsrc=\"https:\/\/criva.pt\/web\/wp-content\/uploads\/2018\/05\/centroconvivio2.jpg\" width=\"2304\" height=\"1728\" srcset=\"https:\/\/criva.pt\/web\/wp-content\/uploads\/2018\/05\/centroconvivio2.jpg 2304w, https:\/\/criva.pt\/web\/wp-content\/uploads\/2018\/05\/centroconvivio2-300x225.jpg 300w, https:\/\/criva.pt\/web\/wp-content\/uploads\/2018\/05\/centroconvivio2-768x576.jpg 768w, https:\/\/criva.pt\/web\/wp-content\/uploads\/2018\/05\/centroconvivio2-1024x768.jpg 1024w\" sizes=\"(max-width: 2304px) 100vw, 2304px\" alt=\"\" \t\tclass=\"so-widget-image\"\/>\n\t<\/div>\n\n<\/div><\/div><\/div><\/div><div id=\"pgc-122-3-1\"  class=\"panel-grid-cell\" ><div id=\"panel-122-3-1-0\" class=\"so-panel widget_sow-image panel-first-child panel-last-child\" data-index=\"6\" ><div class=\"panel-widget-style panel-widget-style-for-122-3-1-0\" ><div\n\t\t\t\n\t\t\tclass=\"so-widget-sow-image so-widget-sow-image-default-8b5b6f678277-122\"\n\t\t\t\n\t\t>\n<div class=\"sow-image-container\">\n\t\t<img \n\tsrc=\"https:\/\/criva.pt\/web\/wp-content\/uploads\/2018\/05\/centro_convivio77.jpg\" width=\"2304\" height=\"1728\" srcset=\"https:\/\/criva.pt\/web\/wp-content\/uploads\/2018\/05\/centro_convivio77.jpg 2304w, https:\/\/criva.pt\/web\/wp-content\/uploads\/2018\/05\/centro_convivio77-300x225.jpg 300w, https:\/\/criva.pt\/web\/wp-content\/uploads\/2018\/05\/centro_convivio77-768x576.jpg 768w, https:\/\/criva.pt\/web\/wp-content\/uploads\/2018\/05\/centro_convivio77-1024x768.jpg 1024w\" sizes=\"(max-width: 2304px) 100vw, 2304px\" alt=\"\" \t\tclass=\"so-widget-image\"\/>\n\t<\/div>\n\n<\/div><\/div><\/div><\/div><div id=\"pgc-122-3-2\"  class=\"panel-grid-cell\" ><div id=\"panel-122-3-2-0\" class=\"so-panel widget_sow-image panel-first-child panel-last-child\" data-index=\"7\" ><div class=\"panel-widget-style panel-widget-style-for-122-3-2-0\" ><div\n\t\t\t\n\t\t\tclass=\"so-widget-sow-image so-widget-sow-image-default-8b5b6f678277-122\"\n\t\t\t\n\t\t>\n<div class=\"sow-image-container\">\n\t\t<img \n\tsrc=\"https:\/\/criva.pt\/web\/wp-content\/uploads\/2019\/07\/Piquenicao_02.jpg\" width=\"960\" height=\"720\" srcset=\"https:\/\/criva.pt\/web\/wp-content\/uploads\/2019\/07\/Piquenicao_02.jpg 960w, https:\/\/criva.pt\/web\/wp-content\/uploads\/2019\/07\/Piquenicao_02-300x225.jpg 300w, https:\/\/criva.pt\/web\/wp-content\/uploads\/2019\/07\/Piquenicao_02-768x576.jpg 768w\" sizes=\"(max-width: 960px) 100vw, 960px\" alt=\"\" \t\tclass=\"so-widget-image\"\/>\n\t<\/div>\n\n<\/div><\/div><\/div><\/div><\/div><\/div>","protected":false},"excerpt":{"rendered":"<p>Centro de Convivio<\/p>\n","protected":false},"author":1,"featured_media":0,"parent":0,"menu_order":0,"comment_status":"closed","ping_status":"closed","template":"","meta":{"footnotes":""},"class_list":["post-122","page","type-page","status-publish"],"_links":{"self":[{"href":"https:\/\/criva.pt\/web\/wp-json\/wp\/v2\/pages\/122","targetHints":{"allow":["GET"]}}],"collection":[{"href":"https:\/\/criva.pt\/web\/wp-json\/wp\/v2\/pages"}],"about":[{"href":"https:\/\/criva.pt\/web\/wp-json\/wp\/v2\/types\/page"}],"author":[{"embeddable":true,"href":"https:\/\/criva.pt\/web\/wp-json\/wp\/v2\/users\/1"}],"replies":[{"embeddable":true,"href":"https:\/\/criva.pt\/web\/wp-json\/wp\/v2\/comments?post=122"}],"version-history":[{"count":122,"href":"https:\/\/criva.pt\/web\/wp-json\/wp\/v2\/pages\/122\/revisions"}],"predecessor-version":[{"id":3496,"href":"https:\/\/criva.pt\/web\/wp-json\/wp\/v2\/pages\/122\/revisions\/3496"}],"wp:attachment":[{"href":"https:\/\/criva.pt\/web\/wp-json\/wp\/v2\/media?parent=122"}],"curies":[{"name":"wp","href":"https:\/\/api.w.org\/{rel}","templated":true}]}}