{"id":126,"date":"2018-05-03T10:17:39","date_gmt":"2018-05-03T10:17:39","guid":{"rendered":"http:\/\/criva.pt\/web\/?page_id=126"},"modified":"2024-02-22T11:05:53","modified_gmt":"2024-02-22T11:05:53","slug":"servico_apoio_domiciliario","status":"publish","type":"page","link":"https:\/\/criva.pt\/web\/servico_apoio_domiciliario\/","title":{"rendered":"Servi\u00e7o de Apoio Domicili\u00e1rio (SAD)"},"content":{"rendered":"<div id=\"pl-126\"  class=\"panel-layout\" ><div id=\"pg-126-0\"  class=\"panel-grid panel-has-style\" ><div class=\"siteorigin-panels-stretch panel-row-style panel-row-style-for-126-0\" data-stretch-type=\"full-width-stretch\" ><div id=\"pgc-126-0-0\"  class=\"panel-grid-cell\" ><div id=\"panel-126-0-0-0\" class=\"so-panel widget_sow-layout-slider panel-first-child panel-last-child\" data-index=\"0\" ><div\n\t\t\t\n\t\t\tclass=\"so-widget-sow-layout-slider so-widget-sow-layout-slider-default-6979390ecfde-126\"\n\t\t\t\n\t\t>\t\t\t\t<div class=\"sow-slider-base\" style=\"display: none\" tabindex=\"0\">\n\t\t\t\t\t<ul\n\t\t\t\t\tclass=\"sow-slider-images\"\n\t\t\t\t\tdata-settings=\"{&quot;pagination&quot;:true,&quot;speed&quot;:800,&quot;timeout&quot;:8000,&quot;paused&quot;:false,&quot;pause_on_hover&quot;:false,&quot;swipe&quot;:true,&quot;nav_always_show_desktop&quot;:&quot;&quot;,&quot;nav_always_show_mobile&quot;:&quot;&quot;,&quot;breakpoint&quot;:&quot;780px&quot;,&quot;unmute&quot;:false,&quot;anchor&quot;:null}\"\n\t\t\t\t\tstyle=\"min-height: 300px\"\t\t\t\t\tdata-anchor-id=\"\"\n\t\t\t\t>\t\t<li class=\"sow-slider-image  sow-slider-image-cover\" style=\"visibility: visible;;background-color: #333333;background-image: url(https:\/\/criva.pt\/web\/wp-content\/uploads\/2019\/10\/Criva_Banner_Apoio_Domiciliario.jpg)\" >\n\t\t\t\t\t<div class=\"sow-slider-image-container\">\n\t\t\t<div class=\"sow-slider-image-wrapper\">\n\t\t\t\t\t\t\t<\/div>\n\t\t<\/div>\n\t\t\t\t<\/li>\n\t\t<\/ul>\t\t\t\t<ol class=\"sow-slider-pagination\">\n\t\t\t\t\t\t\t\t\t\t\t<li><a href=\"#\" data-goto=\"0\" aria-label=\"Display slide 1\"><\/a><\/li>\n\t\t\t\t\t\t\t\t\t<\/ol>\n\n\t\t\t\t<div class=\"sow-slide-nav sow-slide-nav-next\">\n\t\t\t\t\t<a href=\"#\" data-goto=\"next\" aria-label=\"Next slide\" data-action=\"next\">\n\t\t\t\t\t\t<em class=\"sow-sld-icon-thin-right\"><\/em>\n\t\t\t\t\t<\/a>\n\t\t\t\t<\/div>\n\n\t\t\t\t<div class=\"sow-slide-nav sow-slide-nav-prev\">\n\t\t\t\t\t<a href=\"#\" data-goto=\"previous\" aria-label=\"Previous slide\" data-action=\"prev\">\n\t\t\t\t\t\t<em class=\"sow-sld-icon-thin-left\"><\/em>\n\t\t\t\t\t<\/a>\n\t\t\t\t<\/div>\n\t\t\t\t<\/div><\/div><\/div><\/div><\/div><\/div><div id=\"pg-126-1\"  class=\"panel-grid panel-has-style\" ><div class=\"panel-row-style panel-row-style-for-126-1\" ><div id=\"pgc-126-1-0\"  class=\"panel-grid-cell\" ><div id=\"panel-126-1-0-0\" class=\"so-panel widget_sow-editor panel-first-child panel-last-child\" data-index=\"1\" ><div\n\t\t\t\n\t\t\tclass=\"so-widget-sow-editor so-widget-sow-editor-base\"\n\t\t\t\n\t\t>\n<div class=\"siteorigin-widget-tinymce textwidget\">\n\t<h1><strong>Servi\u00e7o de Apoio Domicili\u00e1rio (SAD)<\/strong><\/h1>\n<hr \/>\n<\/div>\n<\/div><\/div><\/div><\/div><\/div><div id=\"pg-126-2\"  class=\"panel-grid panel-no-style\" ><div id=\"pgc-126-2-0\"  class=\"panel-grid-cell\" ><div id=\"panel-126-2-0-0\" class=\"so-panel widget_sow-editor panel-first-child panel-last-child\" data-index=\"2\" ><div\n\t\t\t\n\t\t\tclass=\"so-widget-sow-editor so-widget-sow-editor-base\"\n\t\t\t\n\t\t>\n<div class=\"siteorigin-widget-tinymce textwidget\">\n\t<h2><strong>Quem Faz:<\/strong><\/h2>\n<p>O Servi\u00e7o de Apoio Domicili\u00e1rio do CRIVA consiste na presta\u00e7\u00e3o de cuidados individualizados e personalizados no domic\u00edlio, a pessoas idosas ou n\u00e3o, que por motivo de doen\u00e7a, defici\u00eancia ou outro impedimento, n\u00e3o possam assegurar tempor\u00e1ria ou permanentemente, a satisfa\u00e7\u00e3o das suas necessidades b\u00e1sicas e\/ou atividades da vida di\u00e1ria.<\/p>\n<p>O Servi\u00e7o de Apoio Domicili\u00e1rio \u00e9 constitu\u00eddo por uma equipa de 12 cuidadoras que prestam os cuidados diretos aos clientes, 1 Assistente Social e 1 enfermeiro. Todos os profissionais s\u00e3o pessoas com forma\u00e7\u00e3o na \u00e1rea da terceira idade e nos cuidados a pessoas com depend\u00eancia.<\/p>\n<p>&nbsp;<\/p>\n<\/div>\n<\/div><\/div><\/div><div id=\"pgc-126-2-1\"  class=\"panel-grid-cell\" ><div id=\"panel-126-2-1-0\" class=\"so-panel widget_sow-editor panel-first-child panel-last-child\" data-index=\"3\" ><div\n\t\t\t\n\t\t\tclass=\"so-widget-sow-editor so-widget-sow-editor-base\"\n\t\t\t\n\t\t>\n<div class=\"siteorigin-widget-tinymce textwidget\">\n\t<h2><strong>Como Fazemos:<\/strong><\/h2>\n<h3><strong>Os servi\u00e7os consistem no seguinte:<\/strong><\/h3>\n<ul>\n<li>Apoio Psicossocial<\/li>\n<li>Cuidados de Higiene<br \/>\nConforto Pessoal e Imagem<br \/>\nRefei\u00e7\u00f5es no Domicilio<br \/>\nHigiene Habitacional<br \/>\nTratamento de roupa<br \/>\nRealiza\u00e7\u00e3o de Servi\u00e7os Externos<br \/>\nAcompanhamento ao Cliente\/Cliente\/Utente no exterior<br \/>\nAtividades de Integra\u00e7\u00e3o Social e Tempos Livres<br \/>\nServi\u00e7os de Compras<br \/>\nTele assist\u00eancia;<\/li>\n<li>Servi\u00e7os de enfermagem<\/li>\n<\/ul>\n<p>&nbsp;<\/p>\n<\/div>\n<\/div><\/div><\/div><div id=\"pgc-126-2-2\"  class=\"panel-grid-cell\" ><div id=\"panel-126-2-2-0\" class=\"so-panel widget_sow-editor panel-first-child panel-last-child\" data-index=\"4\" ><div\n\t\t\t\n\t\t\tclass=\"so-widget-sow-editor so-widget-sow-editor-base\"\n\t\t\t\n\t\t>\n<div class=\"siteorigin-widget-tinymce textwidget\">\n\t<h2><strong>Como Pode Ter Este Servi\u00e7o:<\/strong><\/h2>\n<p>Poder\u00e1 deslocar-se \u00e0s instala\u00e7\u00f5es do CRIVA de modo a preencher uma ficha de pr\u00e9-inscri\u00e7\u00e3o ou contactar-nos telefonicamente ou por email.<\/p>\n<p>Ser\u00e1 marcada uma reuni\u00e3o \/ visita domicili\u00e1ria de modo a avaliar a situa\u00e7\u00e3o e aconselha-lo na resposta mais adequada \u00e0 situa\u00e7\u00e3o.<\/p>\n<p>Contatos : Servi\u00e7o de Apoio Domicili\u00e1rio - Rita Ricardo<br \/>\nTel: 212039198 (chamada para a rede fixa nacional) | Tlm: 936992957 (chamada para rede m\u00f3vel)<br \/>\nE-mail: <a href=\"mailto:rita.ricardo@criva.pt\">rita.ricardo@criva.pt<\/a><br \/>\nMorada: Largo das D\u00e1lias, Bloco 52-54 cave, Vale da Amoreira<\/p>\n<ul>\n<li><a href=\"https:\/\/criva.pt\/web\/wp-content\/uploads\/2024\/02\/Ficha-de-inscricao-SAD-e-CD.docx\" target=\"_blank\" rel=\"noopener\">Ficha de inscri\u00e7\u00e3o SAD<\/a>\n<ul>\n<li><strong>Dever\u00e1 juntar os seguintes elementos:<\/strong>\n<ul>\n<li>CC do cliente ou BI, NIF, NISS, SNS;<\/li>\n<li>Comprovativo do \u00faltimo IRS e respetiva nota de liquida\u00e7\u00e3o (no caso de n\u00e3o fazer IRS, deve enviar declara\u00e7\u00e3o da Seg. Social com o valor da pens\u00e3o);<\/li>\n<li>Comprovativo de despesas, nomeadamente, renda da casa e\/ou farm\u00e1cia;<\/li>\n<li>Declara\u00e7\u00e3o do m\u00e9dico com a descri\u00e7\u00e3o dos problemas de sa\u00fade, especificando a situa\u00e7\u00e3o de dem\u00eancia, se for o caso (Pode ser entregue posteriormente).<\/li>\n<\/ul>\n<\/li>\n<\/ul>\n<\/li>\n<\/ul>\n<\/div>\n<\/div><\/div><\/div><\/div><div id=\"pg-126-3\"  class=\"panel-grid panel-no-style\" ><div id=\"pgc-126-3-0\"  class=\"panel-grid-cell\" ><div id=\"panel-126-3-0-0\" class=\"so-panel widget_sow-image panel-first-child panel-last-child\" data-index=\"5\" ><div\n\t\t\t\n\t\t\tclass=\"so-widget-sow-image so-widget-sow-image-default-8b5b6f678277-126\"\n\t\t\t\n\t\t>\n<div class=\"sow-image-container\">\n\t\t<img \n\tsrc=\"https:\/\/criva.pt\/web\/wp-content\/uploads\/2019\/10\/Criva_Apoio_Domiciliario_01.jpg\" width=\"450\" height=\"338\" srcset=\"https:\/\/criva.pt\/web\/wp-content\/uploads\/2019\/10\/Criva_Apoio_Domiciliario_01.jpg 450w, https:\/\/criva.pt\/web\/wp-content\/uploads\/2019\/10\/Criva_Apoio_Domiciliario_01-300x225.jpg 300w\" sizes=\"(max-width: 450px) 100vw, 450px\" title=\"rptnboz\" alt=\"\" \t\tclass=\"so-widget-image\"\/>\n\t<\/div>\n\n<\/div><\/div><\/div><div id=\"pgc-126-3-1\"  class=\"panel-grid-cell\" ><div id=\"panel-126-3-1-0\" class=\"so-panel widget_sow-image panel-first-child panel-last-child\" data-index=\"6\" ><div\n\t\t\t\n\t\t\tclass=\"so-widget-sow-image so-widget-sow-image-default-8b5b6f678277-126\"\n\t\t\t\n\t\t>\n<div class=\"sow-image-container\">\n\t\t<img \n\tsrc=\"https:\/\/criva.pt\/web\/wp-content\/uploads\/2019\/10\/Criva_Apoio_Domiciliario_02.jpg\" width=\"450\" height=\"338\" srcset=\"https:\/\/criva.pt\/web\/wp-content\/uploads\/2019\/10\/Criva_Apoio_Domiciliario_02.jpg 450w, https:\/\/criva.pt\/web\/wp-content\/uploads\/2019\/10\/Criva_Apoio_Domiciliario_02-300x225.jpg 300w\" sizes=\"(max-width: 450px) 100vw, 450px\" title=\"hdrpl\" alt=\"\" \t\tclass=\"so-widget-image\"\/>\n\t<\/div>\n\n<\/div><\/div><\/div><div id=\"pgc-126-3-2\"  class=\"panel-grid-cell\" ><div id=\"panel-126-3-2-0\" class=\"so-panel widget_sow-image panel-first-child panel-last-child\" data-index=\"7\" ><div\n\t\t\t\n\t\t\tclass=\"so-widget-sow-image so-widget-sow-image-default-8b5b6f678277-126\"\n\t\t\t\n\t\t>\n<div class=\"sow-image-container\">\n\t\t<img \n\tsrc=\"https:\/\/criva.pt\/web\/wp-content\/uploads\/2019\/10\/Criva_Apoio_Domiciliario_03.jpg\" width=\"450\" height=\"338\" srcset=\"https:\/\/criva.pt\/web\/wp-content\/uploads\/2019\/10\/Criva_Apoio_Domiciliario_03.jpg 450w, https:\/\/criva.pt\/web\/wp-content\/uploads\/2019\/10\/Criva_Apoio_Domiciliario_03-300x225.jpg 300w\" sizes=\"(max-width: 450px) 100vw, 450px\" title=\"hdrpl\" alt=\"\" \t\tclass=\"so-widget-image\"\/>\n\t<\/div>\n\n<\/div><\/div><\/div><\/div><\/div>","protected":false},"excerpt":{"rendered":"<p>Servi\u00e7o de Apoio Domicili\u00e1rio (SAD)<\/p>\n","protected":false},"author":1,"featured_media":0,"parent":0,"menu_order":0,"comment_status":"closed","ping_status":"closed","template":"","meta":{"footnotes":""},"class_list":["post-126","page","type-page","status-publish"],"_links":{"self":[{"href":"https:\/\/criva.pt\/web\/wp-json\/wp\/v2\/pages\/126","targetHints":{"allow":["GET"]}}],"collection":[{"href":"https:\/\/criva.pt\/web\/wp-json\/wp\/v2\/pages"}],"about":[{"href":"https:\/\/criva.pt\/web\/wp-json\/wp\/v2\/types\/page"}],"author":[{"embeddable":true,"href":"https:\/\/criva.pt\/web\/wp-json\/wp\/v2\/users\/1"}],"replies":[{"embeddable":true,"href":"https:\/\/criva.pt\/web\/wp-json\/wp\/v2\/comments?post=126"}],"version-history":[{"count":44,"href":"https:\/\/criva.pt\/web\/wp-json\/wp\/v2\/pages\/126\/revisions"}],"predecessor-version":[{"id":3509,"href":"https:\/\/criva.pt\/web\/wp-json\/wp\/v2\/pages\/126\/revisions\/3509"}],"wp:attachment":[{"href":"https:\/\/criva.pt\/web\/wp-json\/wp\/v2\/media?parent=126"}],"curies":[{"name":"wp","href":"https:\/\/api.w.org\/{rel}","templated":true}]}}