{"id":2906,"date":"2020-05-20T13:44:36","date_gmt":"2020-05-20T13:44:36","guid":{"rendered":"https:\/\/criva.pt\/web\/?page_id=2906"},"modified":"2021-04-07T17:17:46","modified_gmt":"2021-04-07T17:17:46","slug":"projeto-gulbenkian","status":"publish","type":"page","link":"https:\/\/criva.pt\/web\/projeto-gulbenkian\/","title":{"rendered":"Projeto Gulbenkian"},"content":{"rendered":"<div id=\"pl-2906\"  class=\"panel-layout\" ><div id=\"pg-2906-0\"  class=\"panel-grid panel-has-style\" ><div class=\"siteorigin-panels-stretch panel-row-style panel-row-style-for-2906-0\" data-stretch-type=\"full-stretched\" ><div id=\"pgc-2906-0-0\"  class=\"panel-grid-cell\" ><div id=\"panel-2906-0-0-0\" class=\"so-panel widget_sow-layout-slider panel-first-child panel-last-child\" data-index=\"0\" ><div\n\t\t\t\n\t\t\tclass=\"so-widget-sow-layout-slider so-widget-sow-layout-slider-default-6979390ecfde-2906\"\n\t\t\t\n\t\t>\t\t\t\t<div class=\"sow-slider-base\" style=\"display: none\" tabindex=\"0\">\n\t\t\t\t\t<ul\n\t\t\t\t\tclass=\"sow-slider-images\"\n\t\t\t\t\tdata-settings=\"{&quot;pagination&quot;:true,&quot;speed&quot;:800,&quot;timeout&quot;:8000,&quot;paused&quot;:false,&quot;pause_on_hover&quot;:false,&quot;swipe&quot;:true,&quot;nav_always_show_desktop&quot;:&quot;&quot;,&quot;nav_always_show_mobile&quot;:&quot;&quot;,&quot;breakpoint&quot;:&quot;780px&quot;,&quot;unmute&quot;:false,&quot;anchor&quot;:null}\"\n\t\t\t\t\tstyle=\"min-height: 300px\"\t\t\t\t\tdata-anchor-id=\"\"\n\t\t\t\t>\t\t<li class=\"sow-slider-image  sow-slider-image-cover\" style=\"visibility: visible;;background-color: #333333;background-image: url(https:\/\/criva.pt\/web\/wp-content\/uploads\/2020\/05\/2.png)\" >\n\t\t\t\t\t<div class=\"sow-slider-image-container\">\n\t\t\t<div class=\"sow-slider-image-wrapper\">\n\t\t\t\t\t\t\t<\/div>\n\t\t<\/div>\n\t\t\t\t<\/li>\n\t\t\t\t<li class=\"sow-slider-image  sow-slider-image-cover\" style=\"visibility: hidden;;background-color: #333333\" data-background=\"url(https:\/\/criva.pt\/web\/wp-content\/uploads\/2020\/05\/3.png)\" >\n\t\t\t\t\t<div class=\"sow-slider-image-container\">\n\t\t\t<div class=\"sow-slider-image-wrapper\">\n\t\t\t\t\t\t\t<\/div>\n\t\t<\/div>\n\t\t\t\t<\/li>\n\t\t\t\t<li class=\"sow-slider-image  sow-slider-image-cover\" style=\"visibility: hidden;;background-color: #333333\" data-background=\"url(https:\/\/criva.pt\/web\/wp-content\/uploads\/2020\/05\/4.png)\" >\n\t\t\t\t\t<div class=\"sow-slider-image-container\">\n\t\t\t<div class=\"sow-slider-image-wrapper\">\n\t\t\t\t\t\t\t<\/div>\n\t\t<\/div>\n\t\t\t\t<\/li>\n\t\t<\/ul>\t\t\t\t<ol class=\"sow-slider-pagination\">\n\t\t\t\t\t\t\t\t\t\t\t<li><a href=\"#\" data-goto=\"0\" aria-label=\"Display slide 1\"><\/a><\/li>\n\t\t\t\t\t\t\t\t\t\t\t<li><a href=\"#\" data-goto=\"1\" aria-label=\"Display slide 2\"><\/a><\/li>\n\t\t\t\t\t\t\t\t\t\t\t<li><a href=\"#\" data-goto=\"2\" aria-label=\"Display slide 3\"><\/a><\/li>\n\t\t\t\t\t\t\t\t\t<\/ol>\n\n\t\t\t\t<div class=\"sow-slide-nav sow-slide-nav-next\">\n\t\t\t\t\t<a href=\"#\" data-goto=\"next\" aria-label=\"Next slide\" data-action=\"next\">\n\t\t\t\t\t\t<em class=\"sow-sld-icon-thin-right\"><\/em>\n\t\t\t\t\t<\/a>\n\t\t\t\t<\/div>\n\n\t\t\t\t<div class=\"sow-slide-nav sow-slide-nav-prev\">\n\t\t\t\t\t<a href=\"#\" data-goto=\"previous\" aria-label=\"Previous slide\" data-action=\"prev\">\n\t\t\t\t\t\t<em class=\"sow-sld-icon-thin-left\"><\/em>\n\t\t\t\t\t<\/a>\n\t\t\t\t<\/div>\n\t\t\t\t<\/div><\/div><\/div><\/div><\/div><\/div><div id=\"pg-2906-1\"  class=\"panel-grid panel-has-style\" ><div class=\"panel-row-style panel-row-style-for-2906-1\" ><div id=\"pgc-2906-1-0\"  class=\"panel-grid-cell\" ><div id=\"panel-2906-1-0-0\" class=\"so-panel widget_sow-editor panel-first-child panel-last-child\" data-index=\"1\" ><div\n\t\t\t\n\t\t\tclass=\"so-widget-sow-editor so-widget-sow-editor-base\"\n\t\t\t\n\t\t>\n<div class=\"siteorigin-widget-tinymce textwidget\">\n\t<h1><strong>Projeto Gulbenkian<\/strong><\/h1>\n<h3><span class=\"Apple-converted-space\">\u00a0<\/span><b>O Projeto Contra o COVID-19 Por Todos N\u00f3s,<span class=\"Apple-converted-space\">\u00a0<\/span><\/b><\/h3>\n<h3>cofinanciado pela Funda\u00e7\u00e3o Calouste Gulbenkian em coopera\u00e7\u00e3o com o Instituto da Seguran\u00e7a Social, no \u00e2mbito do fundo de emerg\u00eancia Gulbenkian Cuida, est\u00e1 a ser desenvolvido pelo CRIVA em parceria com a Uni\u00e3o de Freguesias de Baixa da Banheira e Vale da Amoreira e com o Banco Alimentar de Set\u00fabal.<span class=\"Apple-converted-space\">\u00a0<\/span><\/h3>\n<hr \/>\n<\/div>\n<\/div><\/div><\/div><\/div><\/div><div id=\"pg-2906-2\"  class=\"panel-grid panel-has-style\" ><div class=\"panel-row-style panel-row-style-for-2906-2\" ><div id=\"pgc-2906-2-0\"  class=\"panel-grid-cell\" ><div id=\"panel-2906-2-0-0\" class=\"so-panel widget_sow-editor panel-first-child panel-last-child\" data-index=\"2\" ><div\n\t\t\t\n\t\t\tclass=\"so-widget-sow-editor so-widget-sow-editor-base\"\n\t\t\t\n\t\t>\n<div class=\"siteorigin-widget-tinymce textwidget\">\n\t<h2><b>Objetivo da interven\u00e7\u00e3o<\/b><\/h2>\n<ul>\n<li>Prestar cuidados essenciais a pessoas idosas, ou dependentes, sem suporte familiar e isoladas.<\/li>\n<li>Promovendo o seu bem-estar e sa\u00fade. diminuir comportamentos de risco e a propaga\u00e7\u00e3o do COVID-19.<\/li>\n<li>Fazer dilig\u00eancias essenciais<\/li>\n<li>Desenvolver apoio psicossocial e pedag\u00f3gico, no contexto do COVID-19, a pessoas isoladas por doen\u00e7a ou em quarentena, na UFBBVA e a todos os p\u00fablicos do CRIVA e familiares.<\/li>\n<\/ul>\n<\/div>\n<\/div><\/div><\/div><div id=\"pgc-2906-2-1\"  class=\"panel-grid-cell\" ><div id=\"panel-2906-2-1-0\" class=\"so-panel widget_sow-editor panel-first-child panel-last-child\" data-index=\"3\" ><div\n\t\t\t\n\t\t\tclass=\"so-widget-sow-editor so-widget-sow-editor-base\"\n\t\t\t\n\t\t>\n<div class=\"siteorigin-widget-tinymce textwidget\">\n\t<h2><b>Mais-valias e relev\u00e2ncia da interven\u00e7\u00e3o<\/b><\/h2>\n<ul>\n<li>A Interven\u00e7\u00e3o tem grande relev\u00e2ncia para os p\u00fablicos do CRIVA que s\u00e3o maioritariamente grupos de risco.<span class=\"Apple-converted-space\">\u00a0<\/span><\/li>\n<li>Pretendemos atuar prioritariamente e j\u00e1 o estamos a a fazer nos p\u00fablicos mais idosos<\/li>\n<li>Necessidades emergentes de sa\u00fade e alimenta\u00e7\u00e3o, mas tamb\u00e9m nas fam\u00edlias e crian\u00e7as de forma a conter o mais poss\u00edvel a propaga\u00e7\u00e3o localmente e a contamina\u00e7\u00e3o dos utentes e das pessoas idosas da comunidade.<\/li>\n<\/ul>\n<\/div>\n<\/div><\/div><\/div><div id=\"pgc-2906-2-2\"  class=\"panel-grid-cell\" ><div id=\"panel-2906-2-2-0\" class=\"so-panel widget_sow-editor panel-first-child panel-last-child\" data-index=\"4\" ><div\n\t\t\t\n\t\t\tclass=\"so-widget-sow-editor so-widget-sow-editor-base\"\n\t\t\t\n\t\t>\n<div class=\"siteorigin-widget-tinymce textwidget\">\n\t<h2><b>Estrat\u00e9gias previstas para atenuar o isolamento das pessoas idosas<\/b><\/h2>\n<ul>\n<li>A entrega de refei\u00e7\u00f5es de medicamentos e de outros bens de primeira necessidade.<span class=\"Apple-converted-space\">\u00a0<\/span><\/li>\n<li>Efetuar tarefas essenciais aos cuidados individuais<\/li>\n<li>Contactos por telefone estabelecendo, uma voz amiga e esperan\u00e7a e promover a informa\u00e7\u00e3o e sensibiliza\u00e7\u00e3o para comportamentos aconselhados pela DGS e SNS, de forma a que todos juntos consigamos vencer esta pandemia.<span class=\"Apple-converted-space\">\u00a0<\/span><\/li>\n<li>Partilharmos projetos sem sair de casa.<\/li>\n<\/ul>\n<\/div>\n<\/div><\/div><\/div><\/div><\/div><div id=\"pg-2906-3\"  class=\"panel-grid panel-has-style\" ><div class=\"panel-row-style panel-row-style-for-2906-3\" ><div id=\"pgc-2906-3-0\"  class=\"panel-grid-cell\" ><div id=\"panel-2906-3-0-0\" class=\"so-panel widget_sow-editor panel-first-child panel-last-child\" data-index=\"5\" ><div\n\t\t\t\n\t\t\tclass=\"so-widget-sow-editor so-widget-sow-editor-base\"\n\t\t\t\n\t\t>\n<div class=\"siteorigin-widget-tinymce textwidget\">\n\t<p>&nbsp;<\/p>\n<hr \/>\n<\/div>\n<\/div><\/div><\/div><\/div><\/div><div id=\"pg-2906-4\"  class=\"panel-grid panel-no-style\" ><div id=\"pgc-2906-4-0\"  class=\"panel-grid-cell\" ><div id=\"panel-2906-4-0-0\" class=\"so-panel widget_sow-image panel-first-child panel-last-child\" data-index=\"6\" ><div\n\t\t\t\n\t\t\tclass=\"so-widget-sow-image so-widget-sow-image-default-8b5b6f678277-2906\"\n\t\t\t\n\t\t>\n<div class=\"sow-image-container\">\n\t\t<img \n\tsrc=\"https:\/\/criva.pt\/web\/wp-content\/uploads\/2020\/05\/5.jpg\" width=\"960\" height=\"636\" srcset=\"https:\/\/criva.pt\/web\/wp-content\/uploads\/2020\/05\/5.jpg 960w, https:\/\/criva.pt\/web\/wp-content\/uploads\/2020\/05\/5-300x199.jpg 300w, https:\/\/criva.pt\/web\/wp-content\/uploads\/2020\/05\/5-768x509.jpg 768w\" sizes=\"(max-width: 960px) 100vw, 960px\" alt=\"\" \t\tclass=\"so-widget-image\"\/>\n\t<\/div>\n\n<\/div><\/div><\/div><div id=\"pgc-2906-4-1\"  class=\"panel-grid-cell\" ><div id=\"panel-2906-4-1-0\" class=\"so-panel widget_sow-image panel-first-child panel-last-child\" data-index=\"7\" ><div\n\t\t\t\n\t\t\tclass=\"so-widget-sow-image so-widget-sow-image-default-8b5b6f678277-2906\"\n\t\t\t\n\t\t>\n<div class=\"sow-image-container\">\n\t\t<img \n\tsrc=\"https:\/\/criva.pt\/web\/wp-content\/uploads\/2020\/05\/6.jpg\" width=\"960\" height=\"649\" srcset=\"https:\/\/criva.pt\/web\/wp-content\/uploads\/2020\/05\/6.jpg 960w, https:\/\/criva.pt\/web\/wp-content\/uploads\/2020\/05\/6-300x203.jpg 300w, https:\/\/criva.pt\/web\/wp-content\/uploads\/2020\/05\/6-768x519.jpg 768w\" sizes=\"(max-width: 960px) 100vw, 960px\" alt=\"\" \t\tclass=\"so-widget-image\"\/>\n\t<\/div>\n\n<\/div><\/div><\/div><div id=\"pgc-2906-4-2\"  class=\"panel-grid-cell\" ><div id=\"panel-2906-4-2-0\" class=\"so-panel widget_sow-image panel-first-child panel-last-child\" data-index=\"8\" ><div\n\t\t\t\n\t\t\tclass=\"so-widget-sow-image so-widget-sow-image-default-8b5b6f678277-2906\"\n\t\t\t\n\t\t>\n<div class=\"sow-image-container\">\n\t\t<img \n\tsrc=\"https:\/\/criva.pt\/web\/wp-content\/uploads\/2020\/05\/95896564_2819960061605128_6995004203231870976_n.jpg\" width=\"960\" height=\"633\" srcset=\"https:\/\/criva.pt\/web\/wp-content\/uploads\/2020\/05\/95896564_2819960061605128_6995004203231870976_n.jpg 960w, https:\/\/criva.pt\/web\/wp-content\/uploads\/2020\/05\/95896564_2819960061605128_6995004203231870976_n-300x198.jpg 300w, https:\/\/criva.pt\/web\/wp-content\/uploads\/2020\/05\/95896564_2819960061605128_6995004203231870976_n-768x506.jpg 768w\" sizes=\"(max-width: 960px) 100vw, 960px\" alt=\"\" \t\tclass=\"so-widget-image\"\/>\n\t<\/div>\n\n<\/div><\/div><\/div><\/div><div id=\"pg-2906-5\"  class=\"panel-grid panel-has-style\" ><div class=\"panel-row-style panel-row-style-for-2906-5\" ><div id=\"pgc-2906-5-0\"  class=\"panel-grid-cell\" ><div id=\"panel-2906-5-0-0\" class=\"so-panel widget_sow-editor panel-first-child panel-last-child\" data-index=\"9\" ><div\n\t\t\t\n\t\t\tclass=\"so-widget-sow-editor so-widget-sow-editor-base\"\n\t\t\t\n\t\t>\n<div class=\"siteorigin-widget-tinymce textwidget\">\n\t<p>&nbsp;<\/p>\n<hr \/>\n<\/div>\n<\/div><\/div><\/div><\/div><\/div><div id=\"pg-2906-6\"  class=\"panel-grid panel-has-style\" ><div class=\"panel-row-style panel-row-style-for-2906-6\" ><div id=\"pgc-2906-6-0\"  class=\"panel-grid-cell\" ><div id=\"panel-2906-6-0-0\" class=\"so-panel widget_sow-editor panel-first-child panel-last-child\" data-index=\"10\" ><div\n\t\t\t\n\t\t\tclass=\"so-widget-sow-editor so-widget-sow-editor-base\"\n\t\t\t\n\t\t>\n<div class=\"siteorigin-widget-tinymce textwidget\">\n\t<h2 style=\"text-align: left;\">O Projeto Contra o Covid-19 Por Todos N\u00f3s<\/h2>\n<h3 style=\"text-align: left;\">Cofinanciado pela Funda\u00e7\u00e3o Calouste Gulbenkian\u00a0em coopera\u00e7\u00e3o com o instituto de Seguran\u00e7a Social, no \u00e2mbito do\u00a0fundo de emerg\u00eancia Gulbenkian Cuida,<span class=\"Apple-converted-space\">\u00a0<\/span>est\u00e1 a ser desenvolvido pelo CRIVA em parceria com a\u00a0Uni\u00e3o de Freguesias de Baixa da Banheira e Vale da Amoreira<span class=\"Apple-converted-space\">\u00a0<\/span>e com o Banco alimentar de Set\u00fabal. \u00a0Em contexto de isolamento,<span class=\"Apple-converted-space\">\u00a0 <\/span>nossa Querida Amiga e S\u00f3cia D. Maria Ausenda presenteou o CRIVA com dois dos seus poemas. \u00a0Um gesto de carinho que refor\u00e7a a nossa motiva\u00e7\u00e3o di\u00e1ria para que continuemos a trabalhar cada vez mais pr\u00f3ximos independente da distancia.<\/h3>\n<h3 style=\"text-align: left;\">Um enorme Obrigado.<\/h3>\n<hr \/>\n<h2>NO CRIVA com o projeto \u201c CONTRA O COVID-19 \u2013 POR TODOS N\u00d3S\u201d<\/h2>\n<p><strong>Premiada a sua continuidade at\u00e9 final de 2021, no \u00e2mbito do fundo de emerg\u00eancia Gulbenkian Cuida, com o apoio do Instituto da Seguran\u00e7a Socia!<\/strong><\/p>\n<p>\u00c9 com muito agrado que recebemos a not\u00edcia que a Funda\u00e7\u00e3o Calouste Gulbenkian, tinha inten\u00e7\u00e3o de premiar o nosso projeto, \u201cContra o COVID-19-Por Todos N\u00f3s\u201d desenvolvido em 2020. Comparticipado, pelo Instituto da Seguran\u00e7a Social, no \u00e2mbito do fundo de emerg\u00eancia Gulbenkian Cuida, ser\u00e1 poss\u00edvel dar continuidade a este projeto at\u00e9 ao fim do ano 2021.<\/p>\n<p>Com a candidatura feita vem possibilitar, com mais 10 mil \u20ac ,dar continuidade ao apoio \u00e1 popula\u00e7\u00e3o mais idosa e vulner\u00e1vel e colmatar algumas necessidades proveniente da pandemia.<\/p>\n<p><a href=\"https:\/\/criva.pt\/web\/2021\/02\/10\/no-criva-com-o-projeto-contra-o-covid-19-por-todos-nos\/\"><strong>Veja aqui a not\u00edcia completa<\/strong><\/a><\/p>\n<\/div>\n<\/div><\/div><\/div><div id=\"pgc-2906-6-1\"  class=\"panel-grid-cell\" ><div id=\"panel-2906-6-1-0\" class=\"so-panel widget_sow-image panel-first-child panel-last-child\" data-index=\"11\" ><div\n\t\t\t\n\t\t\tclass=\"so-widget-sow-image so-widget-sow-image-default-8b5b6f678277-2906\"\n\t\t\t\n\t\t>\n<div class=\"sow-image-container\">\n\t\t<img \n\tsrc=\"https:\/\/criva.pt\/web\/wp-content\/uploads\/2020\/06\/Poema-Maria-Ausenda-Projeto-Contra-o-Covid-Por-Todos-N\u00f3s.jpg\" width=\"1386\" height=\"1569\" srcset=\"https:\/\/criva.pt\/web\/wp-content\/uploads\/2020\/06\/Poema-Maria-Ausenda-Projeto-Contra-o-Covid-Por-Todos-N\u00f3s.jpg 1386w, https:\/\/criva.pt\/web\/wp-content\/uploads\/2020\/06\/Poema-Maria-Ausenda-Projeto-Contra-o-Covid-Por-Todos-N\u00f3s-265x300.jpg 265w, https:\/\/criva.pt\/web\/wp-content\/uploads\/2020\/06\/Poema-Maria-Ausenda-Projeto-Contra-o-Covid-Por-Todos-N\u00f3s-905x1024.jpg 905w, https:\/\/criva.pt\/web\/wp-content\/uploads\/2020\/06\/Poema-Maria-Ausenda-Projeto-Contra-o-Covid-Por-Todos-N\u00f3s-768x869.jpg 768w, https:\/\/criva.pt\/web\/wp-content\/uploads\/2020\/06\/Poema-Maria-Ausenda-Projeto-Contra-o-Covid-Por-Todos-N\u00f3s-1357x1536.jpg 1357w\" sizes=\"(max-width: 1386px) 100vw, 1386px\" title=\"Poema- Maria Ausenda -Projeto Contra o Covid Por Todos N\u00f3s\" alt=\"\" \t\tclass=\"so-widget-image\"\/>\n\t<\/div>\n\n<\/div><\/div><\/div><\/div><\/div><div id=\"pg-2906-7\"  class=\"panel-grid panel-has-style\" ><div class=\"panel-row-style panel-row-style-for-2906-7\" ><div id=\"pgc-2906-7-0\"  class=\"panel-grid-cell\" ><div id=\"panel-2906-7-0-0\" class=\"so-panel widget_sow-editor panel-first-child panel-last-child\" data-index=\"12\" ><div\n\t\t\t\n\t\t\tclass=\"so-widget-sow-editor so-widget-sow-editor-base\"\n\t\t\t\n\t\t>\n<div class=\"siteorigin-widget-tinymce textwidget\">\n\t<p>&nbsp;<\/p>\n<hr \/>\n<\/div>\n<\/div><\/div><\/div><\/div><\/div><div id=\"pg-2906-8\"  class=\"panel-grid panel-has-style\" ><div class=\"panel-row-style panel-row-style-for-2906-8\" ><div id=\"pgc-2906-8-0\"  class=\"panel-grid-cell\" ><div id=\"panel-2906-8-0-0\" class=\"so-panel widget_sow-editor panel-first-child panel-last-child\" data-index=\"13\" ><div\n\t\t\t\n\t\t\tclass=\"so-widget-sow-editor so-widget-sow-editor-base\"\n\t\t\t\n\t\t>\n<div class=\"siteorigin-widget-tinymce textwidget\">\n\t<h2>O Projeto Contra o Covid-19 Por Todos N\u00f3s<\/h2>\n<h3>Cofinanciado pela Funda\u00e7\u00e3o Calouste Gulbenkian\u00a0em coopera\u00e7\u00e3o com o instituto de Seguran\u00e7a Social, no \u00e2mbito do\u00a0fundo de emerg\u00eancia Gulbenkian Cuida,<span class=\"Apple-converted-space\">\u00a0\u00a0<\/span>est\u00e1 a ser desenvolvido pelo CRIVA em parceria com a\u00a0Uni\u00e3o de Freguesias de Baixa da Banheira e Vale da Amoreira<span class=\"Apple-converted-space\">\u00a0<\/span>e com o Banco alimentar de Set\u00fabal.<\/h3>\n<hr \/>\n<\/div>\n<\/div><\/div><\/div><\/div><\/div><div id=\"pg-2906-9\"  class=\"panel-grid panel-no-style\" ><div id=\"pgc-2906-9-0\"  class=\"panel-grid-cell\" ><div id=\"panel-2906-9-0-0\" class=\"so-panel widget_sow-image panel-first-child panel-last-child\" data-index=\"14\" ><div\n\t\t\t\n\t\t\tclass=\"so-widget-sow-image so-widget-sow-image-default-8b5b6f678277-2906\"\n\t\t\t\n\t\t>\n<div class=\"sow-image-container\">\n\t\t<img \n\tsrc=\"https:\/\/criva.pt\/web\/wp-content\/uploads\/2021\/04\/criva_flyer_covid_01.png\" width=\"1292\" height=\"910\" srcset=\"https:\/\/criva.pt\/web\/wp-content\/uploads\/2021\/04\/criva_flyer_covid_01.png 1292w, https:\/\/criva.pt\/web\/wp-content\/uploads\/2021\/04\/criva_flyer_covid_01-300x211.png 300w, https:\/\/criva.pt\/web\/wp-content\/uploads\/2021\/04\/criva_flyer_covid_01-1024x721.png 1024w, https:\/\/criva.pt\/web\/wp-content\/uploads\/2021\/04\/criva_flyer_covid_01-768x541.png 768w\" sizes=\"(max-width: 1292px) 100vw, 1292px\" alt=\"\" \t\tclass=\"so-widget-image\"\/>\n\t<\/div>\n\n<\/div><\/div><\/div><div id=\"pgc-2906-9-1\"  class=\"panel-grid-cell\" ><div id=\"panel-2906-9-1-0\" class=\"so-panel widget_sow-image panel-first-child panel-last-child\" data-index=\"15\" ><div\n\t\t\t\n\t\t\tclass=\"so-widget-sow-image so-widget-sow-image-default-8b5b6f678277-2906\"\n\t\t\t\n\t\t>\n<div class=\"sow-image-container\">\n\t\t<img \n\tsrc=\"https:\/\/criva.pt\/web\/wp-content\/uploads\/2021\/04\/criva_flyer_covid_02.png\" width=\"1292\" height=\"910\" srcset=\"https:\/\/criva.pt\/web\/wp-content\/uploads\/2021\/04\/criva_flyer_covid_02.png 1292w, https:\/\/criva.pt\/web\/wp-content\/uploads\/2021\/04\/criva_flyer_covid_02-300x211.png 300w, https:\/\/criva.pt\/web\/wp-content\/uploads\/2021\/04\/criva_flyer_covid_02-1024x721.png 1024w, https:\/\/criva.pt\/web\/wp-content\/uploads\/2021\/04\/criva_flyer_covid_02-768x541.png 768w\" sizes=\"(max-width: 1292px) 100vw, 1292px\" alt=\"\" \t\tclass=\"so-widget-image\"\/>\n\t<\/div>\n\n<\/div><\/div><\/div><\/div><div id=\"pg-2906-10\"  class=\"panel-grid panel-no-style\" ><div id=\"pgc-2906-10-0\"  class=\"panel-grid-cell\" ><div id=\"panel-2906-10-0-0\" class=\"so-panel widget_sow-image panel-first-child\" data-index=\"16\" ><div\n\t\t\t\n\t\t\tclass=\"so-widget-sow-image so-widget-sow-image-default-c67d20f9f743-2906\"\n\t\t\t\n\t\t>\n<div class=\"sow-image-container\">\n\t\t<img \n\tsrc=\"https:\/\/criva.pt\/web\/wp-content\/uploads\/2020\/05\/image2-1-768x78.png\" width=\"768\" height=\"78\" srcset=\"https:\/\/criva.pt\/web\/wp-content\/uploads\/2020\/05\/image2-1-768x78.png 768w, https:\/\/criva.pt\/web\/wp-content\/uploads\/2020\/05\/image2-1-300x31.png 300w, https:\/\/criva.pt\/web\/wp-content\/uploads\/2020\/05\/image2-1-1024x104.png 1024w, https:\/\/criva.pt\/web\/wp-content\/uploads\/2020\/05\/image2-1.png 1042w\" sizes=\"(max-width: 768px) 100vw, 768px\" title=\"image2\" alt=\"\" \t\tclass=\"so-widget-image\"\/>\n\t<\/div>\n\n<\/div><\/div><div id=\"panel-2906-10-0-1\" class=\"so-panel widget_sow-editor panel-last-child\" data-index=\"17\" ><div\n\t\t\t\n\t\t\tclass=\"so-widget-sow-editor so-widget-sow-editor-base\"\n\t\t\t\n\t\t>\n<div class=\"siteorigin-widget-tinymce textwidget\">\n\t<p style=\"text-align: center;\"><strong><a href=\"https:\/\/criva.pt\/web\/wp-content\/uploads\/2021\/04\/Desdobravel_Contra_o_Covid_Por_Todos_Nos_contato_novo.pdf\" target=\"_blank\" rel=\"noopener\">Desdobr\u00e1vel - Download (PDF)<\/a><\/strong><\/p>\n<\/div>\n<\/div><\/div><\/div><\/div><\/div>","protected":false},"excerpt":{"rendered":"<p>Projeto Gulbenkian \u00a0O Projeto Contra o COVID-19 Por Todos N\u00f3s,\u00a0 cofinanciado pela Funda\u00e7\u00e3o Calouste Gulbenkian em coopera\u00e7\u00e3o com o Instituto da Seguran\u00e7a Social, no \u00e2mbito do fundo de emerg\u00eancia Gulbenkian Cuida, est\u00e1 a ser desenvolvido pelo CRIVA em parceria com a Uni\u00e3o de Freguesias de Baixa da Banheira e Vale da Amoreira e com o Banco Alimentar de Set\u00fabal.\u00a0<\/p>\n","protected":false},"author":1,"featured_media":0,"parent":0,"menu_order":0,"comment_status":"closed","ping_status":"closed","template":"","meta":{"footnotes":""},"class_list":["post-2906","page","type-page","status-publish"],"_links":{"self":[{"href":"https:\/\/criva.pt\/web\/wp-json\/wp\/v2\/pages\/2906","targetHints":{"allow":["GET"]}}],"collection":[{"href":"https:\/\/criva.pt\/web\/wp-json\/wp\/v2\/pages"}],"about":[{"href":"https:\/\/criva.pt\/web\/wp-json\/wp\/v2\/types\/page"}],"author":[{"embeddable":true,"href":"https:\/\/criva.pt\/web\/wp-json\/wp\/v2\/users\/1"}],"replies":[{"embeddable":true,"href":"https:\/\/criva.pt\/web\/wp-json\/wp\/v2\/comments?post=2906"}],"version-history":[{"count":28,"href":"https:\/\/criva.pt\/web\/wp-json\/wp\/v2\/pages\/2906\/revisions"}],"predecessor-version":[{"id":3249,"href":"https:\/\/criva.pt\/web\/wp-json\/wp\/v2\/pages\/2906\/revisions\/3249"}],"wp:attachment":[{"href":"https:\/\/criva.pt\/web\/wp-json\/wp\/v2\/media?parent=2906"}],"curies":[{"name":"wp","href":"https:\/\/api.w.org\/{rel}","templated":true}]}}