{"id":6,"date":"2018-05-02T11:10:29","date_gmt":"2018-05-02T11:10:29","guid":{"rendered":"http:\/\/criva.pt\/web\/?page_id=6"},"modified":"2023-02-15T16:46:47","modified_gmt":"2023-02-15T16:46:47","slug":"inicio","status":"publish","type":"page","link":"https:\/\/criva.pt\/web\/","title":{"rendered":"In\u00edcio"},"content":{"rendered":"<div id=\"pl-6\"  class=\"panel-layout\" ><div id=\"pg-6-0\"  class=\"panel-grid panel-has-style\" ><div class=\"siteorigin-panels-stretch panel-row-style panel-row-style-for-6-0\" data-stretch-type=\"full-stretched\" ><div id=\"pgc-6-0-0\"  class=\"panel-grid-cell\" ><div id=\"panel-6-0-0-0\" class=\"so-panel widget_sow-layout-slider panel-first-child panel-last-child\" data-index=\"0\" ><div\n\t\t\t\n\t\t\tclass=\"so-widget-sow-layout-slider so-widget-sow-layout-slider-default-6ece3f6d1cd4-6\"\n\t\t\t\n\t\t>\t\t\t\t<div class=\"sow-slider-base\" style=\"display: none\" tabindex=\"0\">\n\t\t\t\t\t<ul\n\t\t\t\t\tclass=\"sow-slider-images\"\n\t\t\t\t\tdata-settings=\"{&quot;pagination&quot;:true,&quot;speed&quot;:800,&quot;timeout&quot;:8000,&quot;paused&quot;:false,&quot;pause_on_hover&quot;:false,&quot;swipe&quot;:true,&quot;nav_always_show_desktop&quot;:&quot;&quot;,&quot;nav_always_show_mobile&quot;:&quot;&quot;,&quot;breakpoint&quot;:&quot;780px&quot;,&quot;unmute&quot;:false,&quot;anchor&quot;:null}\"\n\t\t\t\t\tstyle=\"min-height: 450px\"\t\t\t\t\tdata-anchor-id=\"\"\n\t\t\t\t>\t\t<li class=\"sow-slider-image  sow-slider-image-cover\" style=\"visibility: visible;;background-color: #333333;background-image: url(https:\/\/criva.pt\/web\/wp-content\/uploads\/2019\/10\/AdobeStock_53880595_site_2.jpg)\" >\n\t\t\t\t\t<div class=\"sow-slider-image-container\">\n\t\t\t<div class=\"sow-slider-image-wrapper\">\n\t\t\t\t\t\t\t<\/div>\n\t\t<\/div>\n\t\t\t\t<\/li>\n\t\t\t\t<li class=\"sow-slider-image  sow-slider-image-cover\" style=\"visibility: hidden;;background-color: #333333\" data-background=\"url(https:\/\/criva.pt\/web\/wp-content\/uploads\/2019\/10\/AdobeStock_68216066_site2_2.jpg)\" >\n\t\t\t\t\t<div class=\"sow-slider-image-container\">\n\t\t\t<div class=\"sow-slider-image-wrapper\">\n\t\t\t\t\t\t\t<\/div>\n\t\t<\/div>\n\t\t\t\t<\/li>\n\t\t\t\t<li class=\"sow-slider-image  sow-slider-image-cover\" style=\"visibility: hidden;;background-color: #333333\" data-background=\"url(https:\/\/criva.pt\/web\/wp-content\/uploads\/2020\/05\/Captura-de-ecr\u00e3-2020-05-04-\u00e0s-19.29.38-c\u00f3pia-6.png)\" >\n\t\t\t\t\t<div class=\"sow-slider-image-container\">\n\t\t\t<div class=\"sow-slider-image-wrapper\">\n\t\t\t\t\t\t\t<\/div>\n\t\t<\/div>\n\t\t\t\t<\/li>\n\t\t\t\t<li class=\"sow-slider-image  sow-slider-image-cover\" style=\"visibility: hidden;;background-color: #333333\" data-background=\"url(https:\/\/criva.pt\/web\/wp-content\/uploads\/2019\/10\/AdobeStock_178837359_site_2.jpg)\" >\n\t\t\t\t\t<div class=\"sow-slider-image-container\">\n\t\t\t<div class=\"sow-slider-image-wrapper\">\n\t\t\t\t\t\t\t<\/div>\n\t\t<\/div>\n\t\t\t\t<\/li>\n\t\t<\/ul>\t\t\t\t<ol class=\"sow-slider-pagination\">\n\t\t\t\t\t\t\t\t\t\t\t<li><a href=\"#\" data-goto=\"0\" aria-label=\"Display slide 1\"><\/a><\/li>\n\t\t\t\t\t\t\t\t\t\t\t<li><a href=\"#\" data-goto=\"1\" aria-label=\"Display slide 2\"><\/a><\/li>\n\t\t\t\t\t\t\t\t\t\t\t<li><a href=\"#\" data-goto=\"2\" aria-label=\"Display slide 3\"><\/a><\/li>\n\t\t\t\t\t\t\t\t\t\t\t<li><a href=\"#\" data-goto=\"3\" aria-label=\"Display slide 4\"><\/a><\/li>\n\t\t\t\t\t\t\t\t\t<\/ol>\n\n\t\t\t\t<div class=\"sow-slide-nav sow-slide-nav-next\">\n\t\t\t\t\t<a href=\"#\" data-goto=\"next\" aria-label=\"Next slide\" data-action=\"next\">\n\t\t\t\t\t\t<em class=\"sow-sld-icon-thin-right\"><\/em>\n\t\t\t\t\t<\/a>\n\t\t\t\t<\/div>\n\n\t\t\t\t<div class=\"sow-slide-nav sow-slide-nav-prev\">\n\t\t\t\t\t<a href=\"#\" data-goto=\"previous\" aria-label=\"Previous slide\" data-action=\"prev\">\n\t\t\t\t\t\t<em class=\"sow-sld-icon-thin-left\"><\/em>\n\t\t\t\t\t<\/a>\n\t\t\t\t<\/div>\n\t\t\t\t<\/div><\/div><\/div><\/div><\/div><\/div><div id=\"pg-6-1\"  class=\"panel-grid panel-no-style\" ><div id=\"pgc-6-1-0\"  class=\"panel-grid-cell\" ><div id=\"panel-6-1-0-0\" class=\"so-panel widget_siteorigin-panels-postloop panel-first-child panel-last-child\" data-index=\"1\" ><h3 class=\"widget-title\">Dia do S\u00f3cio<\/h3><article id=\"post-3405\" class=\"post-3405 post type-post status-publish format-standard has-post-thumbnail hentry category-criva generate-columns tablet-grid-50 mobile-grid-100 grid-parent grid-100 featured-column\" itemtype=\"https:\/\/schema.org\/CreativeWork\" itemscope>\n\t<div class=\"inside-article\">\n\t\t\t\t\t<header class=\"entry-header\">\n\t\t\t\t<h2 class=\"entry-title\" itemprop=\"headline\"><a href=\"https:\/\/criva.pt\/web\/2022\/07\/08\/dia-do-socio\/\" rel=\"bookmark\">Dia do S\u00f3cio<\/a><\/h2>\t\t\t<\/header>\n\t\t\t<div class=\"post-image\">\n\t\t\t\t\t\t\n\t\t\t\t\t\t<a href=\"https:\/\/criva.pt\/web\/2022\/07\/08\/dia-do-socio\/\">\n\t\t\t\t\t\t\t<img loading=\"lazy\" decoding=\"async\" width=\"1298\" height=\"974\" src=\"https:\/\/criva.pt\/web\/wp-content\/uploads\/2022\/07\/criva_dia_do_socio_07.jpg\" class=\"attachment-full size-full wp-post-image\" alt=\"\" itemprop=\"image\" srcset=\"https:\/\/criva.pt\/web\/wp-content\/uploads\/2022\/07\/criva_dia_do_socio_07.jpg 1298w, https:\/\/criva.pt\/web\/wp-content\/uploads\/2022\/07\/criva_dia_do_socio_07-300x225.jpg 300w, https:\/\/criva.pt\/web\/wp-content\/uploads\/2022\/07\/criva_dia_do_socio_07-1024x768.jpg 1024w, https:\/\/criva.pt\/web\/wp-content\/uploads\/2022\/07\/criva_dia_do_socio_07-768x576.jpg 768w\" sizes=\"auto, (max-width: 1298px) 100vw, 1298px\" \/>\n\t\t\t\t\t\t<\/a>\n\t\t\t\t\t<\/div>\n\t\t\t<div class=\"entry-summary\" itemprop=\"text\">\n\t\t\t\t<p>O\u00a0Dia do S\u00f3cio no CRIVA decorreu no passado dia 25 de junho na sede do CRIVA e no Largo das Cravos, entre as 14h30 e as 20 horas, o tema foi alusivo \u00e0s \u201cMarchas Populares\u201d, foi uma festa muito participada, memor\u00e1vel, cheia de anima\u00e7\u00e3o e surpresas. A abertura solene teve a presen\u00e7a dos representantes das Camara Municipal da Moita e do Barreiro, com a presen\u00e7a do Vereador Ant\u00f3nio Pereira e &#8230; <\/p>\n<p class=\"read-more-container\"><a title=\"Dia do S\u00f3cio\" class=\"read-more button\" href=\"https:\/\/criva.pt\/web\/2022\/07\/08\/dia-do-socio\/#more-3405\" aria-label=\"Leia mais sobre Dia do S\u00f3cio\">Ler mais<\/a><\/p>\n\t\t\t<\/div>\n\n\t\t\t<\/div>\n<\/article>\n<\/div><\/div><div id=\"pgc-6-1-1\"  class=\"panel-grid-cell\" ><div id=\"panel-6-1-1-0\" class=\"so-panel widget_siteorigin-panels-postloop panel-first-child panel-last-child\" data-index=\"2\" ><h3 class=\"widget-title\">Programa Termalismo<\/h3><article id=\"post-3380\" class=\"post-3380 post type-post status-publish format-standard has-post-thumbnail hentry category-criva generate-columns tablet-grid-50 mobile-grid-100 grid-parent grid-100 featured-column\" itemtype=\"https:\/\/schema.org\/CreativeWork\" itemscope>\n\t<div class=\"inside-article\">\n\t\t\t\t\t<header class=\"entry-header\">\n\t\t\t\t<h2 class=\"entry-title\" itemprop=\"headline\"><a href=\"https:\/\/criva.pt\/web\/2022\/03\/30\/o-programa-termalismo\/\" rel=\"bookmark\">O PROGRAMA TERMALISMO<\/a><\/h2>\t\t\t<\/header>\n\t\t\t<div class=\"post-image\">\n\t\t\t\t\t\t\n\t\t\t\t\t\t<a href=\"https:\/\/criva.pt\/web\/2022\/03\/30\/o-programa-termalismo\/\">\n\t\t\t\t\t\t\t<img loading=\"lazy\" decoding=\"async\" width=\"571\" height=\"493\" src=\"https:\/\/criva.pt\/web\/wp-content\/uploads\/2022\/03\/termalismo2.png\" class=\"attachment-full size-full wp-post-image\" alt=\"\" itemprop=\"image\" srcset=\"https:\/\/criva.pt\/web\/wp-content\/uploads\/2022\/03\/termalismo2.png 571w, https:\/\/criva.pt\/web\/wp-content\/uploads\/2022\/03\/termalismo2-300x259.png 300w\" sizes=\"auto, (max-width: 571px) 100vw, 571px\" \/>\n\t\t\t\t\t\t<\/a>\n\t\t\t\t\t<\/div>\n\t\t\t<div class=\"entry-summary\" itemprop=\"text\">\n\t\t\t\t<p>O CRIVA promove mais um ano \u201cO PROGRAMA TERMALISMO\u201d. Cuide de si e disfrute de um programa de sa\u00fade e anima\u00e7\u00e3o. Inscri\u00e7\u00f5es e mais informa\u00e7\u00f5es na sede do criva ou atrav\u00e9s dos contatos 212039198\/936992951 \u00a0<\/p>\n\t\t\t<\/div>\n\n\t\t\t<\/div>\n<\/article>\n<\/div><\/div><div id=\"pgc-6-1-2\"  class=\"panel-grid-cell\" ><div id=\"panel-6-1-2-0\" class=\"so-panel widget_siteorigin-panels-postloop panel-first-child panel-last-child\" data-index=\"3\" ><h3 class=\"widget-title\">Consigna\u00e7\u00e3o IRS<\/h3><article id=\"post-3387\" class=\"post-3387 post type-post status-publish format-standard has-post-thumbnail hentry category-criva generate-columns tablet-grid-50 mobile-grid-100 grid-parent grid-100 featured-column\" itemtype=\"https:\/\/schema.org\/CreativeWork\" itemscope>\n\t<div class=\"inside-article\">\n\t\t\t\t\t<header class=\"entry-header\">\n\t\t\t\t<h2 class=\"entry-title\" itemprop=\"headline\"><a href=\"https:\/\/criva.pt\/web\/2022\/03\/30\/consignacao-irs-2\/\" rel=\"bookmark\">CONSIGNA\u00c7\u00c3O IRS<\/a><\/h2>\t\t\t<\/header>\n\t\t\t<div class=\"post-image\">\n\t\t\t\t\t\t\n\t\t\t\t\t\t<a href=\"https:\/\/criva.pt\/web\/2022\/03\/30\/consignacao-irs-2\/\">\n\t\t\t\t\t\t\t<img loading=\"lazy\" decoding=\"async\" width=\"1237\" height=\"875\" src=\"https:\/\/criva.pt\/web\/wp-content\/uploads\/2022\/03\/criva_irs.jpg\" class=\"attachment-full size-full wp-post-image\" alt=\"\" itemprop=\"image\" srcset=\"https:\/\/criva.pt\/web\/wp-content\/uploads\/2022\/03\/criva_irs.jpg 1237w, https:\/\/criva.pt\/web\/wp-content\/uploads\/2022\/03\/criva_irs-300x212.jpg 300w, https:\/\/criva.pt\/web\/wp-content\/uploads\/2022\/03\/criva_irs-1024x724.jpg 1024w, https:\/\/criva.pt\/web\/wp-content\/uploads\/2022\/03\/criva_irs-768x543.jpg 768w\" sizes=\"auto, (max-width: 1237px) 100vw, 1237px\" \/>\n\t\t\t\t\t\t<\/a>\n\t\t\t\t\t<\/div>\n\t\t\t<div class=\"entry-summary\" itemprop=\"text\">\n\t\t\t\t<p>Para que continuemos a crescer e a trabalhar de m\u00e3os dadas neste ano de 2022, seja solid\u00e1rio no momento da entrega do seu IRS, para si n\u00e3o ter\u00e1 qualquer custo, no entanto ser\u00e1 um ato que far\u00e1 a diferen\u00e7a no CRIVA e na vida de muitas das pessoas que a n\u00f3s recorrem. Com votos de muita prosperidade, o nosso sincero agradecimento! &nbsp;<\/p>\n\t\t\t<\/div>\n\n\t\t\t<\/div>\n<\/article>\n<\/div><\/div><\/div><div id=\"pg-6-2\"  class=\"panel-grid panel-no-style\" ><div id=\"pgc-6-2-0\"  class=\"panel-grid-cell\" ><div id=\"panel-6-2-0-0\" class=\"so-panel widget_sow-headline panel-first-child panel-last-child\" data-index=\"4\" ><div\n\t\t\t\n\t\t\tclass=\"so-widget-sow-headline so-widget-sow-headline-default-0eaeacf2c6a6-3387\"\n\t\t\t\n\t\t><div class=\"sow-headline-container \">\n\t\t\t\t\t\t\t<h1 class=\"sow-headline\">\n\t\t\t\t\t\t\t\t\t\t\t\t\t<a href=\"https:\/\/criva.pt\/web\/historia\/\" >\n\t\t\t\t\t\t\t\tO CRIVA \u00e9 uma Institui\u00e7\u00e3o de Solidariedade Social,<br \/> com 40 anos de exist\u00eancia.<\/a>\t\t\t\t\t\t<\/h1>\n\t\t\t\t\t\t\t\t\t\t\t<div class=\"decoration\">\n\t\t\t\t\t\t<div class=\"decoration-inside\"><\/div>\n\t\t\t\t\t<\/div>\n\t\t\t\t\t<\/div>\n<\/div><\/div><\/div><\/div><div id=\"pg-6-3\"  class=\"panel-grid panel-no-style\" ><div id=\"pgc-6-3-0\"  class=\"panel-grid-cell\" ><div id=\"panel-6-3-0-0\" class=\"so-panel widget_sow-image panel-first-child\" data-index=\"5\" ><div\n\t\t\t\n\t\t\tclass=\"so-widget-sow-image so-widget-sow-image-default-8b5b6f678277-3387\"\n\t\t\t\n\t\t>\n<div class=\"sow-image-container\">\n\t\t\t<a href=\"https:\/\/criva.pt\/web\/bem_vindo\/\"\n\t\t\t\t\t>\n\t\t\t<img \n\tsrc=\"https:\/\/criva.pt\/web\/wp-content\/uploads\/2019\/10\/Criva_minibanner_home.jpg\" width=\"400\" height=\"150\" srcset=\"https:\/\/criva.pt\/web\/wp-content\/uploads\/2019\/10\/Criva_minibanner_home.jpg 400w, https:\/\/criva.pt\/web\/wp-content\/uploads\/2019\/10\/Criva_minibanner_home-300x113.jpg 300w\" sizes=\"(max-width: 400px) 100vw, 400px\" alt=\"\" \t\tclass=\"so-widget-image\"\/>\n\t\t\t<\/a><\/div>\n\n<\/div><\/div><div id=\"panel-6-3-0-1\" class=\"so-panel widget_sow-editor\" data-index=\"6\" ><div\n\t\t\t\n\t\t\tclass=\"so-widget-sow-editor so-widget-sow-editor-base\"\n\t\t\t\n\t\t>\n<div class=\"siteorigin-widget-tinymce textwidget\">\n\t<h2><strong>Seja bem-vindo<\/strong><\/h2>\n<p>O CRIVA \u00e9 uma Institui\u00e7\u00e3o de Solidariedade Social, com 40 anos de exist\u00eancia, que responde a v\u00e1rias necessidades na comunidade, a diferentes faixas et\u00e1rias e que procura dar respostas humanizadas e personalizadas.<\/p>\n<\/div>\n<\/div><\/div><div id=\"panel-6-3-0-2\" class=\"so-panel widget_sow-button panel-last-child\" data-index=\"7\" ><div class=\"panel-widget-style panel-widget-style-for-6-3-0-2\" ><div\n\t\t\t\n\t\t\tclass=\"so-widget-sow-button so-widget-sow-button-flat-78a43dc5bcf1-3387\"\n\t\t\t\n\t\t><div class=\"ow-button-base ow-button-align-left\"\n>\n\t\t\t<a\n\t\t\t\t\thref=\"https:\/\/criva.pt\/web\/bem_vindo\/\"\n\t\t\t\t\tclass=\"sowb-button ow-icon-placement-left ow-button-hover\" \t>\n\t\t<span>\n\t\t\t\n\t\t\tLer mais\t\t<\/span>\n\t\t\t<\/a>\n\t<\/div>\n<\/div><\/div><\/div><\/div><div id=\"pgc-6-3-1\"  class=\"panel-grid-cell\" ><div id=\"panel-6-3-1-0\" class=\"so-panel widget_sow-image panel-first-child\" data-index=\"8\" ><div\n\t\t\t\n\t\t\tclass=\"so-widget-sow-image so-widget-sow-image-default-8b5b6f678277-3387\"\n\t\t\t\n\t\t>\n<div class=\"sow-image-container\">\n\t\t\t<a href=\"https:\/\/criva.pt\/web\/centro_convivio\/\"\n\t\t\t\t\t>\n\t\t\t<img \n\tsrc=\"https:\/\/criva.pt\/web\/wp-content\/uploads\/2019\/10\/criva_site_01.jpg\" width=\"400\" height=\"150\" srcset=\"https:\/\/criva.pt\/web\/wp-content\/uploads\/2019\/10\/criva_site_01.jpg 400w, https:\/\/criva.pt\/web\/wp-content\/uploads\/2019\/10\/criva_site_01-300x113.jpg 300w\" sizes=\"(max-width: 400px) 100vw, 400px\" alt=\"\" \t\tclass=\"so-widget-image\"\/>\n\t\t\t<\/a><\/div>\n\n<\/div><\/div><div id=\"panel-6-3-1-1\" class=\"so-panel widget_sow-editor\" data-index=\"9\" ><div\n\t\t\t\n\t\t\tclass=\"so-widget-sow-editor so-widget-sow-editor-base\"\n\t\t\t\n\t\t>\n<div class=\"siteorigin-widget-tinymce textwidget\">\n\t<h2><strong>Centro de Conv\u00edvio<\/strong><\/h2>\n<p>O centro de conv\u00edvio constitui um espa\u00e7o de partilha, de lazer, de anima\u00e7\u00e3o e ocupa\u00e7\u00e3o de tempos livres e de treino de compet\u00eancias individuais, com o objetivo de promover a integra\u00e7\u00e3o das pessoas seniores.<\/p>\n<\/div>\n<\/div><\/div><div id=\"panel-6-3-1-2\" class=\"so-panel widget_sow-button panel-last-child\" data-index=\"10\" ><div class=\"panel-widget-style panel-widget-style-for-6-3-1-2\" ><div\n\t\t\t\n\t\t\tclass=\"so-widget-sow-button so-widget-sow-button-flat-78a43dc5bcf1-3387\"\n\t\t\t\n\t\t><div class=\"ow-button-base ow-button-align-left\"\n>\n\t\t\t<a\n\t\t\t\t\thref=\"https:\/\/criva.pt\/web\/centro_convivio\/\"\n\t\t\t\t\tclass=\"sowb-button ow-icon-placement-left ow-button-hover\" \t>\n\t\t<span>\n\t\t\t\n\t\t\tLer mais\t\t<\/span>\n\t\t\t<\/a>\n\t<\/div>\n<\/div><\/div><\/div><\/div><div id=\"pgc-6-3-2\"  class=\"panel-grid-cell\" ><div id=\"panel-6-3-2-0\" class=\"so-panel widget_sow-image panel-first-child\" data-index=\"11\" ><div\n\t\t\t\n\t\t\tclass=\"so-widget-sow-image so-widget-sow-image-default-8b5b6f678277-3387\"\n\t\t\t\n\t\t>\n<div class=\"sow-image-container\">\n\t\t\t<a href=\"https:\/\/criva.pt\/web\/catl\/\"\n\t\t\t\t\t>\n\t\t\t<img \n\tsrc=\"https:\/\/criva.pt\/web\/wp-content\/uploads\/2022\/08\/centro_dia_criva.jpg\" width=\"400\" height=\"150\" srcset=\"https:\/\/criva.pt\/web\/wp-content\/uploads\/2022\/08\/centro_dia_criva.jpg 400w, https:\/\/criva.pt\/web\/wp-content\/uploads\/2022\/08\/centro_dia_criva-300x113.jpg 300w\" sizes=\"(max-width: 400px) 100vw, 400px\" alt=\"\" \t\tclass=\"so-widget-image\"\/>\n\t\t\t<\/a><\/div>\n\n<\/div><\/div><div id=\"panel-6-3-2-1\" class=\"so-panel widget_sow-editor\" data-index=\"12\" ><div\n\t\t\t\n\t\t\tclass=\"so-widget-sow-editor so-widget-sow-editor-base\"\n\t\t\t\n\t\t>\n<div class=\"siteorigin-widget-tinymce textwidget\">\n\t<h2><strong>Centro de Dia<\/strong><\/h2>\n<p>O Centro de Dia \u00e9 uma resposta social, desenvolvida em equipamento, que consiste na presta\u00e7\u00e3o de um conjunto de servi\u00e7os que contribuem para a manuten\u00e7\u00e3o dos idosos no seu meio s\u00f3cio-familiar.<\/p>\n<\/div>\n<\/div><\/div><div id=\"panel-6-3-2-2\" class=\"so-panel widget_sow-button panel-last-child\" data-index=\"13\" ><div class=\"panel-widget-style panel-widget-style-for-6-3-2-2\" ><div\n\t\t\t\n\t\t\tclass=\"so-widget-sow-button so-widget-sow-button-flat-78a43dc5bcf1-3387\"\n\t\t\t\n\t\t><div class=\"ow-button-base ow-button-align-left\"\n>\n\t\t\t<a\n\t\t\t\t\thref=\"https:\/\/criva.pt\/web\/centro_dia\/\"\n\t\t\t\t\tclass=\"sowb-button ow-icon-placement-left ow-button-hover\" \t>\n\t\t<span>\n\t\t\t\n\t\t\tLer mais\t\t<\/span>\n\t\t\t<\/a>\n\t<\/div>\n<\/div><\/div><\/div><\/div><\/div><div id=\"pg-6-4\"  class=\"panel-grid panel-no-style\" ><div id=\"pgc-6-4-0\"  class=\"panel-grid-cell\" ><div id=\"panel-6-4-0-0\" class=\"so-panel widget_sow-editor panel-first-child\" data-index=\"14\" ><div\n\t\t\t\n\t\t\tclass=\"so-widget-sow-editor so-widget-sow-editor-base\"\n\t\t\t\n\t\t>\n<div class=\"siteorigin-widget-tinymce textwidget\">\n\t<h2 style=\"text-align: center;\"><a href=\"https:\/\/criva.pt\/web\/plano-de-contingencia-para-a-doenca-por-coronavirus-covid-19-do-centro-de-reformados-e-idosos-do-vale-da-amoreira-criva\/\">Plano de Conting\u00eancia para a Doen\u00e7a por Coronav\u00edrus (COVID-19) do Centro de Reformados e Idosos do Vale da Amoreira CRIVA<\/a><\/h2>\n<p style=\"text-align: center;\">O Plano de Conting\u00eancia para a Doen\u00e7a por Coronav\u00edrus (COVID-19) do CRIVA encontra se disponivel, podendo ser consultado e descarregado na p\u00e1gina institucional da internet do CRIVA, recomendando-se a leitura a todos os colaboradores, utentes, familiares e associados, pois \u00e9 fundamental que todos estejam familiarizados com os procedimentos ali estabelecidos. <span class=\"Apple-converted-space\">\u00a0<\/span><\/p>\n<h3 style=\"text-align: center;\"><a href=\"https:\/\/criva.pt\/web\/wp-content\/uploads\/2020\/05\/Plano-Contig\u00eancia-Covid-19-Geral-3\u00aa-vers\u00e3o-17-04-2020.pdf\">Plano Contig\u00eancia Covid 19 - Geral (PDF)<\/a><\/h3>\n<\/div>\n<\/div><\/div><div id=\"panel-6-4-0-1\" class=\"so-panel widget_sow-button\" data-index=\"15\" ><div class=\"panel-widget-style panel-widget-style-for-6-4-0-1\" ><div\n\t\t\t\n\t\t\tclass=\"so-widget-sow-button so-widget-sow-button-flat-e3bd79d27e20-3387\"\n\t\t\t\n\t\t><div class=\"ow-button-base ow-button-align-center\"\n>\n\t\t\t<a\n\t\t\t\t\thref=\"https:\/\/criva.pt\/web\/plano-de-contingencia-para-a-doenca-por-coronavirus-covid-19-do-centro-de-reformados-e-idosos-do-vale-da-amoreira-criva\/\"\n\t\t\t\t\tclass=\"sowb-button ow-icon-placement-bottom ow-button-hover\" \t>\n\t\t<span>\n\t\t\t\n\t\t\tLer mais\t\t<\/span>\n\t\t\t<\/a>\n\t<\/div>\n<\/div><\/div><\/div><div id=\"panel-6-4-0-2\" class=\"so-panel widget_sow-editor panel-last-child\" data-index=\"16\" ><div\n\t\t\t\n\t\t\tclass=\"so-widget-sow-editor so-widget-sow-editor-base\"\n\t\t\t\n\t\t>\n<div class=\"siteorigin-widget-tinymce textwidget\">\n\t<hr \/>\n<\/div>\n<\/div><\/div><\/div><\/div><\/div>","protected":false},"excerpt":{"rendered":"<p>Seja bem-vindo O CRIVA \u00e9 uma Institui\u00e7\u00e3o de Solidariedade Social, com 40 anos de exist\u00eancia, que responde a v\u00e1rias necessidades na comunidade, a diferentes faixas et\u00e1rias e que procura dar respostas humanizadas e personalizadas. Centro de Conv\u00edvio O centro de conv\u00edvio constitui um espa\u00e7o de partilha, de lazer, de anima\u00e7\u00e3o e ocupa\u00e7\u00e3o de tempos livres e de treino de compet\u00eancias individuais, com o objetivo de promover a integra\u00e7\u00e3o das pessoas &#8230; <\/p>\n<p class=\"read-more-container\"><a title=\"CONSIGNA\u00c7\u00c3O IRS\" class=\"read-more button\" href=\"https:\/\/criva.pt\/web\/2022\/03\/30\/consignacao-irs-2\/#more-3387\" aria-label=\"Leia mais sobre CONSIGNA\u00c7\u00c3O IRS\">Ler mais<\/a><\/p>\n","protected":false},"author":1,"featured_media":0,"parent":0,"menu_order":0,"comment_status":"closed","ping_status":"closed","template":"","meta":{"footnotes":""},"class_list":["post-6","page","type-page","status-publish","hentry","generate-columns","tablet-grid-50","mobile-grid-100","grid-parent","grid-50"],"_links":{"self":[{"href":"https:\/\/criva.pt\/web\/wp-json\/wp\/v2\/pages\/6","targetHints":{"allow":["GET"]}}],"collection":[{"href":"https:\/\/criva.pt\/web\/wp-json\/wp\/v2\/pages"}],"about":[{"href":"https:\/\/criva.pt\/web\/wp-json\/wp\/v2\/types\/page"}],"author":[{"embeddable":true,"href":"https:\/\/criva.pt\/web\/wp-json\/wp\/v2\/users\/1"}],"replies":[{"embeddable":true,"href":"https:\/\/criva.pt\/web\/wp-json\/wp\/v2\/comments?post=6"}],"version-history":[{"count":562,"href":"https:\/\/criva.pt\/web\/wp-json\/wp\/v2\/pages\/6\/revisions"}],"predecessor-version":[{"id":3441,"href":"https:\/\/criva.pt\/web\/wp-json\/wp\/v2\/pages\/6\/revisions\/3441"}],"wp:attachment":[{"href":"https:\/\/criva.pt\/web\/wp-json\/wp\/v2\/media?parent=6"}],"curies":[{"name":"wp","href":"https:\/\/api.w.org\/{rel}","templated":true}]}}